{"id":89,"date":"2019-11-14T22:12:39","date_gmt":"2019-11-14T22:12:39","guid":{"rendered":"http:\/\/cubesse.be\/?page_id=89"},"modified":"2021-03-01T16:33:41","modified_gmt":"2021-03-01T16:33:41","slug":"welkom","status":"publish","type":"page","link":"https:\/\/cubesse.be\/fr\/","title":{"rendered":"cubesse, a fancy aperitive"},"content":{"rendered":"<h2>\n\t\tUn cube \u00e0 partager\n\t<\/h2>\n\t<p class=\"translation-block\">Cubesse est votre complice pour chaque moment convivial. Lors d\u2019un <strong>ap\u00e9ritif accompagn\u00e9 de tapas<\/strong> lors duquel vous profiterez de vos proches et de d\u00e9licieux mets. Ou d\u00e9gustez <strong> Cubesse en dessert. <\/strong> Cubesse est pr\u00eat en un tour de main. Il vous suffit de couper le long des lignes pour obtenir 18 d\u00e9licieux cubes de fromage \u00e0 partager avec ceux qui vous sont chers.<\/p>\n\t<h1>Fromage cr\u00e9meux Cubesse<\/h1>\n\t<p>Cubesse, c\u2019est du fromage cr\u00e9meux agr\u00e9ment\u00e9 d\u2019une d\u00e9licieuse garniture. D\u00e9couvrez nos diff\u00e9rentes saveurs et laissez-vous surprendre.<\/p>\n            <a href=\"https:\/\/cubesse.be\/fr\/romige-kaas-met-ui\/\" target=\"_self\" rel=\"noopener\">\n                            <h1>Fromage cr\u00e9meux avec oignon<\/h1>\n                            <h2>Le go\u00fbt prononc\u00e9 de l'oignon est att\u00e9nu\u00e9 par l\u2019association avec le fromage cr\u00e9meux de Cubesse. Ou que penseriez-vous de cette version avec du fromage de ch\u00e8vre ?<\/h2>\n\t\t\t\t                    <img decoding=\"async\" data-src=\"https:\/\/cubesse.be\/wp-content\/uploads\/2019\/12\/ui_Cubesse-361-scaled.jpg\" width=\"150\" height=\"150\" src=\"data:image\/svg+xml;base64,PHN2ZyB3aWR0aD0iMSIgaGVpZ2h0PSIxIiB4bWxucz0iaHR0cDovL3d3dy53My5vcmcvMjAwMC9zdmciPjwvc3ZnPg==\" class=\"lazyload\" style=\"--smush-placeholder-width: 150px; --smush-placeholder-aspect-ratio: 150\/150;\">\n\t\t\t\t            <\/a>\n            <a href=\"https:\/\/cubesse.be\/fr\/romige-kaas-met-rode-ui\/\" target=\"_self\" rel=\"noopener\">\n                            <h1>Fromage cr\u00e9meux avec oignon rouge et framboise<\/h1>\n                            <h2>Une association surprenante gr\u00e2ce \u00e0 laquelle vous ne manquerez pas de marquer des points. <\/h2>\n\t\t\t\t                    <img decoding=\"async\" data-src=\"https:\/\/cubesse.be\/wp-content\/uploads\/2020\/12\/Cubesse-275.jpg\" width=\"150\" height=\"150\" src=\"data:image\/svg+xml;base64,PHN2ZyB3aWR0aD0iMSIgaGVpZ2h0PSIxIiB4bWxucz0iaHR0cDovL3d3dy53My5vcmcvMjAwMC9zdmciPjwvc3ZnPg==\" class=\"lazyload\" style=\"--smush-placeholder-width: 150px; --smush-placeholder-aspect-ratio: 150\/150;\">\n\t\t\t\t            <\/a>\n            <a href=\"https:\/\/cubesse.be\/fr\/romige-kaas-met-vijgen\/\" target=\"_self\" rel=\"noopener\">\n                            <h1>Fromage cr\u00e9meux aux figues<\/h1>\n                            <h2>Un peu sucr\u00e9, un peu fruit\u00e9. C\u2019est Cubesse aux figues. Il se marie parfaitement avec une boisson douce.<\/h2>\n\t\t\t\t                    <img decoding=\"async\" data-src=\"https:\/\/cubesse.be\/wp-content\/uploads\/2020\/12\/Cubesse-072-1024x683-2.jpg\" width=\"150\" height=\"150\" src=\"data:image\/svg+xml;base64,PHN2ZyB3aWR0aD0iMSIgaGVpZ2h0PSIxIiB4bWxucz0iaHR0cDovL3d3dy53My5vcmcvMjAwMC9zdmciPjwvc3ZnPg==\" class=\"lazyload\" style=\"--smush-placeholder-width: 150px; --smush-placeholder-aspect-ratio: 150\/150;\">\n\t\t\t\t            <\/a>\n            <a href=\"https:\/\/cubesse.be\/fr\/romige-kaas-met-sinaasappel\/\" target=\"_self\" rel=\"noopener\">\n                            <h1>Fromage cr\u00e9meux \u00e0 l\u2019orange<\/h1>\n                            <h2>Un petit fromage cr\u00e9meux recouvert d\u2019une teinte aigre-douce d\u2019orange. Un soup\u00e7on de zeste apporte \u00e0 l\u2019ensemble une note am\u00e8re subtile.<\/h2>\n\t\t\t\t                    <img decoding=\"async\" data-src=\"https:\/\/cubesse.be\/wp-content\/uploads\/2020\/12\/Cubesse-094-1024x683-1.jpg\" width=\"150\" height=\"150\" src=\"data:image\/svg+xml;base64,PHN2ZyB3aWR0aD0iMSIgaGVpZ2h0PSIxIiB4bWxucz0iaHR0cDovL3d3dy53My5vcmcvMjAwMC9zdmciPjwvc3ZnPg==\" class=\"lazyload\" style=\"--smush-placeholder-width: 150px; --smush-placeholder-aspect-ratio: 150\/150;\">\n\t\t\t\t            <\/a>\n            <a href=\"https:\/\/cubesse.be\/fr\/romige-kaas-met-honing\/\" target=\"_self\" rel=\"noopener\">\n                            <h1>Fromage cr\u00e9meux au miel<\/h1>\n                            <h2>L'agr\u00e9able association sucr\u00e9e et l\u00e9g\u00e8re du miel et du fromage fait l\u2019unanimit\u00e9. Un doux m\u00e9lange qui ouvre l\u2019app\u00e9tit.<\/h2>\n\t\t\t\t                    <img decoding=\"async\" data-src=\"https:\/\/cubesse.be\/wp-content\/uploads\/2020\/12\/Cubesse-176.jpg\" width=\"150\" height=\"150\" src=\"data:image\/svg+xml;base64,PHN2ZyB3aWR0aD0iMSIgaGVpZ2h0PSIxIiB4bWxucz0iaHR0cDovL3d3dy53My5vcmcvMjAwMC9zdmciPjwvc3ZnPg==\" class=\"lazyload\" style=\"--smush-placeholder-width: 150px; --smush-placeholder-aspect-ratio: 150\/150;\">\n\t\t\t\t            <\/a>\n            <a href=\"https:\/\/cubesse.be\/fr\/romige-kaas-met-chocolade\/\" target=\"_self\" rel=\"noopener\">\n                            <h1>fromage cr\u00e9meux au cacao<\/h1>\n                            <h2>Cubesse ne ressemble pas seulement \u00e0 une barre de chocolat, avec la couche de cacao, elle a aussi ce go\u00fbt. Vous \u00eates en train de fondre jusqu'au bout ?<\/h2>\n\t\t\t\t                    <img decoding=\"async\" data-src=\"https:\/\/cubesse.be\/wp-content\/uploads\/2020\/12\/Cubesse-246.jpg\" width=\"150\" height=\"150\" src=\"data:image\/svg+xml;base64,PHN2ZyB3aWR0aD0iMSIgaGVpZ2h0PSIxIiB4bWxucz0iaHR0cDovL3d3dy53My5vcmcvMjAwMC9zdmciPjwvc3ZnPg==\" class=\"lazyload\" style=\"--smush-placeholder-width: 150px; --smush-placeholder-aspect-ratio: 150\/150;\">\n\t\t\t\t            <\/a>\n            <a href=\"https:\/\/cubesse.be\/fr\/romige-kaas-met-koffie\/\" target=\"_self\" rel=\"noopener\">\n                            <h1>Fromage cr\u00e9meux au caf\u00e9<\/h1>\n                            <h2>Fromage et caf\u00e9 ? Bien s\u00fbr. La l\u00e9g\u00e8re note am\u00e8re associ\u00e9e au fromage onctueux ravira aussi vos papilles gustatives.<\/h2>\n\t\t\t\t                    <img decoding=\"async\" data-src=\"https:\/\/cubesse.be\/wp-content\/uploads\/2019\/11\/Cubesse-211.jpg\" width=\"\" height=\"\" src=\"data:image\/svg+xml;base64,PHN2ZyB3aWR0aD0iMSIgaGVpZ2h0PSIxIiB4bWxucz0iaHR0cDovL3d3dy53My5vcmcvMjAwMC9zdmciPjwvc3ZnPg==\" class=\"lazyload\" style=\"--smush-placeholder-width: 8256px; --smush-placeholder-aspect-ratio: 8256\/5504;\">\n\t\t\t\t            <\/a>\n            <a href=\"https:\/\/cubesse.be\/fr\/romige-kaas-met-gedroogde-tomaten\/\" target=\"_self\" rel=\"noopener\">\n                            <h1>Fromage cr\u00e9meux avec tomates s\u00e9ch\u00e9es<\/h1>\n                            <h2>Vous servez un ap\u00e9ritif ou un vin italien ? Dans ce cas, cette version avec des tomates s\u00e9ch\u00e9es sera parfaite pour l\u2019accompagner.<\/h2>\n\t\t\t\t                    <img decoding=\"async\" data-src=\"https:\/\/cubesse.be\/wp-content\/uploads\/2020\/12\/Cubesse-256-1024x683-1.jpg\" width=\"150\" height=\"150\" src=\"data:image\/svg+xml;base64,PHN2ZyB3aWR0aD0iMSIgaGVpZ2h0PSIxIiB4bWxucz0iaHR0cDovL3d3dy53My5vcmcvMjAwMC9zdmciPjwvc3ZnPg==\" class=\"lazyload\" style=\"--smush-placeholder-width: 150px; --smush-placeholder-aspect-ratio: 150\/150;\">\n\t\t\t\t            <\/a>\n            <a href=\"https:\/\/cubesse.be\/fr\/romige-kaas-met-appel-en-kaneel\/\" target=\"_self\" rel=\"noopener\">\n                            <h1>Fromage cr\u00e9meux avec pomme cannelle<\/h1>\n                            <h2>Le m\u00e9lange de la pomme et de la cannelle vous met tout de suite dans l'ambiance de l\u2019hiver. <\/h2>\n\t\t\t\t                    <img decoding=\"async\" data-src=\"https:\/\/cubesse.be\/wp-content\/uploads\/2020\/01\/Cubesse-567-scaled.jpg\" width=\"150\" height=\"150\" src=\"data:image\/svg+xml;base64,PHN2ZyB3aWR0aD0iMSIgaGVpZ2h0PSIxIiB4bWxucz0iaHR0cDovL3d3dy53My5vcmcvMjAwMC9zdmciPjwvc3ZnPg==\" class=\"lazyload\" style=\"--smush-placeholder-width: 150px; --smush-placeholder-aspect-ratio: 150\/150;\">\n\t\t\t\t            <\/a>\n<p>With the support of:<\/p>\n\t\t\t\t<img decoding=\"async\" data-src=\"https:\/\/cubesse.be\/wp-content\/uploads\/2020\/02\/fit-300x131.gif\" alt=\"fit\" itemprop=\"image\" height=\"131\" width=\"300\" title=\"fit\" onerror=\"this.style.display='none'\" src=\"data:image\/svg+xml;base64,PHN2ZyB3aWR0aD0iMSIgaGVpZ2h0PSIxIiB4bWxucz0iaHR0cDovL3d3dy53My5vcmcvMjAwMC9zdmciPjwvc3ZnPg==\" class=\"lazyload\" style=\"--smush-placeholder-width: 300px; --smush-placeholder-aspect-ratio: 300\/131;\">","protected":false},"excerpt":{"rendered":"<p>Een blokje om te delen Cubesse is jouw partner in crime voor ieder fijn samenzijn. Voor een aperitief met hapjes en tapas waarbij je geniet van elkaars gezelschap en lekker eten. Of geniet van Cubesse als dessert. Cubesse tover je in een handomdraai op tafel. Je snijdt op de lijnen en krijgt achttien heerlijke blokjes&hellip;<\/p>","protected":false},"author":1,"featured_media":0,"parent":0,"menu_order":0,"comment_status":"closed","ping_status":"closed","template":"","meta":{"_seopress_robots_primary_cat":"","_seopress_titles_title":"","_seopress_titles_desc":"","_seopress_robots_index":"","footnotes":""},"class_list":["post-89","page","type-page","status-publish","hentry"],"yoast_head":"<!-- This site is optimized with the Yoast SEO plugin v27.3 - https:\/\/yoast.com\/product\/yoast-seo-wordpress\/ -->\n<title>cubesse, a fancy aperitive - Cubesse<\/title>\n<meta name=\"robots\" content=\"index, follow, max-snippet:-1, max-image-preview:large, max-video-preview:-1\" \/>\n<link rel=\"canonical\" href=\"https:\/\/cubesse.be\/fr\/\" \/>\n<meta property=\"og:locale\" content=\"fr_FR\" \/>\n<meta property=\"og:type\" content=\"article\" \/>\n<meta property=\"og:title\" content=\"cubesse, a fancy aperitive - Cubesse\" \/>\n<meta property=\"og:description\" content=\"Een blokje om te delen Cubesse is jouw partner in crime voor ieder fijn samenzijn. Voor een aperitief met hapjes en tapas waarbij je geniet van elkaars gezelschap en lekker eten. Of geniet van Cubesse als dessert. Cubesse tover je in een handomdraai op tafel. Je snijdt op de lijnen en krijgt achttien heerlijke blokjes&hellip;\" \/>\n<meta property=\"og:url\" content=\"https:\/\/cubesse.be\/fr\/\" \/>\n<meta property=\"og:site_name\" content=\"Cubesse\" \/>\n<meta property=\"article:modified_time\" content=\"2021-03-01T16:33:41+00:00\" \/>\n<meta property=\"og:image\" content=\"https:\/\/cubesse.be\/wp-content\/uploads\/2019\/12\/ui_Cubesse-361-scaled.jpg\" \/>\n<meta name=\"twitter:card\" content=\"summary_large_image\" \/>\n<meta name=\"twitter:label1\" content=\"Dur\u00e9e de lecture est.\" \/>\n\t<meta name=\"twitter:data1\" content=\"4 minutes\" \/>\n<script type=\"application\/ld+json\" class=\"yoast-schema-graph\">{\"@context\":\"https:\\\/\\\/schema.org\",\"@graph\":[{\"@type\":\"WebPage\",\"@id\":\"https:\\\/\\\/cubesse.be\\\/\",\"url\":\"https:\\\/\\\/cubesse.be\\\/\",\"name\":\"cubesse, a fancy aperitive - Cubesse\",\"isPartOf\":{\"@id\":\"https:\\\/\\\/cubesse.be\\\/#website\"},\"primaryImageOfPage\":{\"@id\":\"https:\\\/\\\/cubesse.be\\\/#primaryimage\"},\"image\":{\"@id\":\"https:\\\/\\\/cubesse.be\\\/#primaryimage\"},\"thumbnailUrl\":\"https:\\\/\\\/cubesse.be\\\/wp-content\\\/uploads\\\/2019\\\/12\\\/ui_Cubesse-361-scaled.jpg\",\"datePublished\":\"2019-11-14T22:12:39+00:00\",\"dateModified\":\"2021-03-01T16:33:41+00:00\",\"breadcrumb\":{\"@id\":\"https:\\\/\\\/cubesse.be\\\/#breadcrumb\"},\"inLanguage\":\"fr-BE\",\"potentialAction\":[{\"@type\":\"ReadAction\",\"target\":[\"https:\\\/\\\/cubesse.be\\\/\"]}]},{\"@type\":\"ImageObject\",\"inLanguage\":\"fr-BE\",\"@id\":\"https:\\\/\\\/cubesse.be\\\/#primaryimage\",\"url\":\"https:\\\/\\\/cubesse.be\\\/wp-content\\\/uploads\\\/2019\\\/12\\\/ui_Cubesse-361-scaled.jpg\",\"contentUrl\":\"https:\\\/\\\/cubesse.be\\\/wp-content\\\/uploads\\\/2019\\\/12\\\/ui_Cubesse-361-scaled.jpg\"},{\"@type\":\"BreadcrumbList\",\"@id\":\"https:\\\/\\\/cubesse.be\\\/#breadcrumb\",\"itemListElement\":[{\"@type\":\"ListItem\",\"position\":1,\"name\":\"Home\",\"item\":\"https:\\\/\\\/cubesse.be\\\/\"},{\"@type\":\"ListItem\",\"position\":2,\"name\":\"cubesse, a fancy aperitive\"}]},{\"@type\":\"WebSite\",\"@id\":\"https:\\\/\\\/cubesse.be\\\/#website\",\"url\":\"https:\\\/\\\/cubesse.be\\\/\",\"name\":\"Cubesse\",\"description\":\"Cubesse, een blokje om te delen\",\"potentialAction\":[{\"@type\":\"SearchAction\",\"target\":{\"@type\":\"EntryPoint\",\"urlTemplate\":\"https:\\\/\\\/cubesse.be\\\/?s={search_term_string}\"},\"query-input\":{\"@type\":\"PropertyValueSpecification\",\"valueRequired\":true,\"valueName\":\"search_term_string\"}}],\"inLanguage\":\"fr-BE\"}]}<\/script>\n<!-- \/ Yoast SEO plugin. -->","yoast_head_json":{"title":"cubesse, a fancy aperitive - Cubesse","robots":{"index":"index","follow":"follow","max-snippet":"max-snippet:-1","max-image-preview":"max-image-preview:large","max-video-preview":"max-video-preview:-1"},"canonical":"https:\/\/cubesse.be\/fr\/","og_locale":"fr_FR","og_type":"article","og_title":"cubesse, a fancy aperitive - Cubesse","og_description":"Een blokje om te delen Cubesse is jouw partner in crime voor ieder fijn samenzijn. Voor een aperitief met hapjes en tapas waarbij je geniet van elkaars gezelschap en lekker eten. Of geniet van Cubesse als dessert. Cubesse tover je in een handomdraai op tafel. Je snijdt op de lijnen en krijgt achttien heerlijke blokjes&hellip;","og_url":"https:\/\/cubesse.be\/fr\/","og_site_name":"Cubesse","article_modified_time":"2021-03-01T16:33:41+00:00","og_image":[{"url":"https:\/\/cubesse.be\/wp-content\/uploads\/2019\/12\/ui_Cubesse-361-scaled.jpg","type":"","width":"","height":""}],"twitter_card":"summary_large_image","twitter_misc":{"Dur\u00e9e de lecture est.":"4 minutes"},"schema":{"@context":"https:\/\/schema.org","@graph":[{"@type":"WebPage","@id":"https:\/\/cubesse.be\/","url":"https:\/\/cubesse.be\/","name":"cubesse, a fancy aperitive - Cubesse","isPartOf":{"@id":"https:\/\/cubesse.be\/#website"},"primaryImageOfPage":{"@id":"https:\/\/cubesse.be\/#primaryimage"},"image":{"@id":"https:\/\/cubesse.be\/#primaryimage"},"thumbnailUrl":"https:\/\/cubesse.be\/wp-content\/uploads\/2019\/12\/ui_Cubesse-361-scaled.jpg","datePublished":"2019-11-14T22:12:39+00:00","dateModified":"2021-03-01T16:33:41+00:00","breadcrumb":{"@id":"https:\/\/cubesse.be\/#breadcrumb"},"inLanguage":"fr-BE","potentialAction":[{"@type":"ReadAction","target":["https:\/\/cubesse.be\/"]}]},{"@type":"ImageObject","inLanguage":"fr-BE","@id":"https:\/\/cubesse.be\/#primaryimage","url":"https:\/\/cubesse.be\/wp-content\/uploads\/2019\/12\/ui_Cubesse-361-scaled.jpg","contentUrl":"https:\/\/cubesse.be\/wp-content\/uploads\/2019\/12\/ui_Cubesse-361-scaled.jpg"},{"@type":"BreadcrumbList","@id":"https:\/\/cubesse.be\/#breadcrumb","itemListElement":[{"@type":"ListItem","position":1,"name":"Home","item":"https:\/\/cubesse.be\/"},{"@type":"ListItem","position":2,"name":"cubesse, a fancy aperitive"}]},{"@type":"WebSite","@id":"https:\/\/cubesse.be\/#website","url":"https:\/\/cubesse.be\/","name":"Cubesse","description":"Cubesse, een blokje om te delen","potentialAction":[{"@type":"SearchAction","target":{"@type":"EntryPoint","urlTemplate":"https:\/\/cubesse.be\/?s={search_term_string}"},"query-input":{"@type":"PropertyValueSpecification","valueRequired":true,"valueName":"search_term_string"}}],"inLanguage":"fr-BE"}]}},"_links":{"self":[{"href":"https:\/\/cubesse.be\/fr\/wp-json\/wp\/v2\/pages\/89","targetHints":{"allow":["GET"]}}],"collection":[{"href":"https:\/\/cubesse.be\/fr\/wp-json\/wp\/v2\/pages"}],"about":[{"href":"https:\/\/cubesse.be\/fr\/wp-json\/wp\/v2\/types\/page"}],"author":[{"embeddable":true,"href":"https:\/\/cubesse.be\/fr\/wp-json\/wp\/v2\/users\/1"}],"replies":[{"embeddable":true,"href":"https:\/\/cubesse.be\/fr\/wp-json\/wp\/v2\/comments?post=89"}],"version-history":[{"count":0,"href":"https:\/\/cubesse.be\/fr\/wp-json\/wp\/v2\/pages\/89\/revisions"}],"wp:attachment":[{"href":"https:\/\/cubesse.be\/fr\/wp-json\/wp\/v2\/media?parent=89"}],"curies":[{"name":"wp","href":"https:\/\/api.w.org\/{rel}","templated":true}]}}