{"id":436,"date":"2020-01-06T23:49:28","date_gmt":"2020-01-06T23:49:28","guid":{"rendered":"http:\/\/cubesse.be\/?page_id=436"},"modified":"2020-01-22T16:55:54","modified_gmt":"2020-01-22T16:55:54","slug":"romige-kaas-met-appel-en-kaneel","status":"publish","type":"page","link":"https:\/\/cubesse.be\/fr\/romige-kaas-met-appel-en-kaneel\/","title":{"rendered":"Fromage cr\u00e9meux avec pomme cannelle"},"content":{"rendered":"<h2>\n\t\tFromage cr\u00e9meux avec pomme cannelle\n\t<\/h2>\n\t<h2>Le m\u00e9lange de la pomme et de la cannelle vous met tout de suite dans l'ambiance de l\u2019hiver. Il est souvent associ\u00e9 aux desserts, mais gr\u00e2ce \u00e0 Cubesse, vous pouvez tout \u00e0 fait utiliser cette excellente association comme amuse-bouche \u00e0 l\u2019ap\u00e9ritif. Et pourquoi pas en \u00e9t\u00e9 ? En ap\u00e9ritif ou d\u00e9licieux dessert.<\/h2>\n<p>Chez Cubesse, nous aimons servir cette version avec une boisson \u00e9pic\u00e9e. Le fromage cr\u00e9meux se m\u00e9lange avec la pomme et un soup\u00e7on de cannelle. R\u00e9sultat : une incroyable explosion de saveurs.<\/p>","protected":false},"excerpt":{"rendered":"<p>Romige kaas met appel en kaneel De mix van appel en kaneel brengt je meteen in winterse sferen. Vaak wordt het geassocieerd met dessertjes, maar dankzij Cubbese kan je deze topcombinatie al perfect brengen als appetizer bij het aperitief. Waarom zelfs niet in de zomermaanden? Als aperitief of heerlijk dessert. Bij Cubesse serveren we graag&hellip;<\/p>","protected":false},"author":2,"featured_media":0,"parent":0,"menu_order":0,"comment_status":"closed","ping_status":"closed","template":"","meta":{"_seopress_robots_primary_cat":"","_seopress_titles_title":"","_seopress_titles_desc":"","_seopress_robots_index":"","footnotes":""},"class_list":["post-436","page","type-page","status-publish","hentry"],"yoast_head":"<!-- This site is optimized with the Yoast SEO plugin v27.3 - https:\/\/yoast.com\/product\/yoast-seo-wordpress\/ -->\n<title>Romige kaas met appel en kaneel - Cubesse<\/title>\n<meta name=\"robots\" content=\"index, follow, max-snippet:-1, max-image-preview:large, max-video-preview:-1\" \/>\n<link rel=\"canonical\" href=\"https:\/\/cubesse.be\/fr\/romige-kaas-met-appel-en-kaneel\/\" \/>\n<meta property=\"og:locale\" content=\"fr_FR\" \/>\n<meta property=\"og:type\" content=\"article\" \/>\n<meta property=\"og:title\" content=\"Romige kaas met appel en kaneel - Cubesse\" \/>\n<meta property=\"og:description\" content=\"Romige kaas met appel en kaneel De mix van appel en kaneel brengt je meteen in winterse sferen. Vaak wordt het geassocieerd met dessertjes, maar dankzij Cubbese kan je deze topcombinatie al perfect brengen als appetizer bij het aperitief. Waarom zelfs niet in de zomermaanden? Als aperitief of heerlijk dessert. Bij Cubesse serveren we graag&hellip;\" \/>\n<meta property=\"og:url\" content=\"https:\/\/cubesse.be\/fr\/romige-kaas-met-appel-en-kaneel\/\" \/>\n<meta property=\"og:site_name\" content=\"Cubesse\" \/>\n<meta property=\"article:modified_time\" content=\"2020-01-22T16:55:54+00:00\" \/>\n<meta name=\"twitter:card\" content=\"summary_large_image\" \/>\n<script type=\"application\/ld+json\" class=\"yoast-schema-graph\">{\"@context\":\"https:\\\/\\\/schema.org\",\"@graph\":[{\"@type\":\"WebPage\",\"@id\":\"https:\\\/\\\/cubesse.be\\\/fr\\\/romige-kaas-met-appel-en-kaneel\\\/\",\"url\":\"https:\\\/\\\/cubesse.be\\\/fr\\\/romige-kaas-met-appel-en-kaneel\\\/\",\"name\":\"Romige kaas met appel en kaneel - Cubesse\",\"isPartOf\":{\"@id\":\"https:\\\/\\\/cubesse.be\\\/#website\"},\"datePublished\":\"2020-01-06T23:49:28+00:00\",\"dateModified\":\"2020-01-22T16:55:54+00:00\",\"breadcrumb\":{\"@id\":\"https:\\\/\\\/cubesse.be\\\/fr\\\/romige-kaas-met-appel-en-kaneel\\\/#breadcrumb\"},\"inLanguage\":\"fr-BE\",\"potentialAction\":[{\"@type\":\"ReadAction\",\"target\":[\"https:\\\/\\\/cubesse.be\\\/fr\\\/romige-kaas-met-appel-en-kaneel\\\/\"]}]},{\"@type\":\"BreadcrumbList\",\"@id\":\"https:\\\/\\\/cubesse.be\\\/fr\\\/romige-kaas-met-appel-en-kaneel\\\/#breadcrumb\",\"itemListElement\":[{\"@type\":\"ListItem\",\"position\":1,\"name\":\"Home\",\"item\":\"https:\\\/\\\/cubesse.be\\\/\"},{\"@type\":\"ListItem\",\"position\":2,\"name\":\"Romige kaas met appel en kaneel\"}]},{\"@type\":\"WebSite\",\"@id\":\"https:\\\/\\\/cubesse.be\\\/#website\",\"url\":\"https:\\\/\\\/cubesse.be\\\/\",\"name\":\"Cubesse\",\"description\":\"Cubesse, een blokje om te delen\",\"potentialAction\":[{\"@type\":\"SearchAction\",\"target\":{\"@type\":\"EntryPoint\",\"urlTemplate\":\"https:\\\/\\\/cubesse.be\\\/?s={search_term_string}\"},\"query-input\":{\"@type\":\"PropertyValueSpecification\",\"valueRequired\":true,\"valueName\":\"search_term_string\"}}],\"inLanguage\":\"fr-BE\"}]}<\/script>\n<!-- \/ Yoast SEO plugin. -->","yoast_head_json":{"title":"Romige kaas met appel en kaneel - Cubesse","robots":{"index":"index","follow":"follow","max-snippet":"max-snippet:-1","max-image-preview":"max-image-preview:large","max-video-preview":"max-video-preview:-1"},"canonical":"https:\/\/cubesse.be\/fr\/romige-kaas-met-appel-en-kaneel\/","og_locale":"fr_FR","og_type":"article","og_title":"Romige kaas met appel en kaneel - Cubesse","og_description":"Romige kaas met appel en kaneel De mix van appel en kaneel brengt je meteen in winterse sferen. Vaak wordt het geassocieerd met dessertjes, maar dankzij Cubbese kan je deze topcombinatie al perfect brengen als appetizer bij het aperitief. Waarom zelfs niet in de zomermaanden? Als aperitief of heerlijk dessert. Bij Cubesse serveren we graag&hellip;","og_url":"https:\/\/cubesse.be\/fr\/romige-kaas-met-appel-en-kaneel\/","og_site_name":"Cubesse","article_modified_time":"2020-01-22T16:55:54+00:00","twitter_card":"summary_large_image","schema":{"@context":"https:\/\/schema.org","@graph":[{"@type":"WebPage","@id":"https:\/\/cubesse.be\/fr\/romige-kaas-met-appel-en-kaneel\/","url":"https:\/\/cubesse.be\/fr\/romige-kaas-met-appel-en-kaneel\/","name":"Romige kaas met appel en kaneel - Cubesse","isPartOf":{"@id":"https:\/\/cubesse.be\/#website"},"datePublished":"2020-01-06T23:49:28+00:00","dateModified":"2020-01-22T16:55:54+00:00","breadcrumb":{"@id":"https:\/\/cubesse.be\/fr\/romige-kaas-met-appel-en-kaneel\/#breadcrumb"},"inLanguage":"fr-BE","potentialAction":[{"@type":"ReadAction","target":["https:\/\/cubesse.be\/fr\/romige-kaas-met-appel-en-kaneel\/"]}]},{"@type":"BreadcrumbList","@id":"https:\/\/cubesse.be\/fr\/romige-kaas-met-appel-en-kaneel\/#breadcrumb","itemListElement":[{"@type":"ListItem","position":1,"name":"Home","item":"https:\/\/cubesse.be\/"},{"@type":"ListItem","position":2,"name":"Romige kaas met appel en kaneel"}]},{"@type":"WebSite","@id":"https:\/\/cubesse.be\/#website","url":"https:\/\/cubesse.be\/","name":"Cubesse","description":"Cubesse, een blokje om te delen","potentialAction":[{"@type":"SearchAction","target":{"@type":"EntryPoint","urlTemplate":"https:\/\/cubesse.be\/?s={search_term_string}"},"query-input":{"@type":"PropertyValueSpecification","valueRequired":true,"valueName":"search_term_string"}}],"inLanguage":"fr-BE"}]}},"_links":{"self":[{"href":"https:\/\/cubesse.be\/fr\/wp-json\/wp\/v2\/pages\/436","targetHints":{"allow":["GET"]}}],"collection":[{"href":"https:\/\/cubesse.be\/fr\/wp-json\/wp\/v2\/pages"}],"about":[{"href":"https:\/\/cubesse.be\/fr\/wp-json\/wp\/v2\/types\/page"}],"author":[{"embeddable":true,"href":"https:\/\/cubesse.be\/fr\/wp-json\/wp\/v2\/users\/2"}],"replies":[{"embeddable":true,"href":"https:\/\/cubesse.be\/fr\/wp-json\/wp\/v2\/comments?post=436"}],"version-history":[{"count":0,"href":"https:\/\/cubesse.be\/fr\/wp-json\/wp\/v2\/pages\/436\/revisions"}],"wp:attachment":[{"href":"https:\/\/cubesse.be\/fr\/wp-json\/wp\/v2\/media?parent=436"}],"curies":[{"name":"wp","href":"https:\/\/api.w.org\/{rel}","templated":true}]}}