{"id":365,"date":"2020-01-06T13:21:12","date_gmt":"2020-01-06T13:21:12","guid":{"rendered":"http:\/\/cubesse.be\/?page_id=365"},"modified":"2020-02-17T22:11:56","modified_gmt":"2020-02-17T22:11:56","slug":"slice-share","status":"publish","type":"page","link":"https:\/\/cubesse.be\/fr\/slice-share\/","title":{"rendered":"Couper et partager"},"content":{"rendered":"<h2 class=\"wp-block-heading\">\n\t\tSlice &amp; Share\n\t<\/h2>\n\n\n\n<figure class=\"wp-block-image\"><img decoding=\"async\" data-src=\"https:\/\/cubesse.be\/wp-content\/uploads\/2020\/01\/cubesse_slice_share.png\" alt=\"\" src=\"data:image\/svg+xml;base64,PHN2ZyB3aWR0aD0iMSIgaGVpZ2h0PSIxIiB4bWxucz0iaHR0cDovL3d3dy53My5vcmcvMjAwMC9zdmciPjwvc3ZnPg==\" class=\"lazyload\" style=\"--smush-placeholder-width: 304px; --smush-placeholder-aspect-ratio: 304\/308;\" \/><\/figure>\n\n\n\n<h2 class=\"wp-block-heading\">Simple, d\u00e9licieux et n\u00e9cessitant peu de vaisselle. Cubesse est une bouch\u00e9e qui se pr\u00e9pare en quelques secondes. Une planche, un couteau et quelques pics suffisent pour disposer sans effort de 18 d\u00e9licieux cubes de fromage. Comment ? Laissez-nous vous expliquer.<\/h2>\n\n\n\n<p>Ouvrez le fond de l\u2019emballage et videz le moule sur la planche. Prenez le couteau et coupez le long des lignes. Pour terminer ? Enfoncez un pic dans chaque cube de fromage et la d\u00e9gustation peut commencer.<\/p>\n\n\n\n<figure class=\"wp-block-image\"><img decoding=\"async\" data-src=\"https:\/\/cubesse.be\/wp-content\/uploads\/2020\/01\/cubesse_01.png\" alt=\"\" src=\"data:image\/svg+xml;base64,PHN2ZyB3aWR0aD0iMSIgaGVpZ2h0PSIxIiB4bWxucz0iaHR0cDovL3d3dy53My5vcmcvMjAwMC9zdmciPjwvc3ZnPg==\" class=\"lazyload\" style=\"--smush-placeholder-width: 304px; --smush-placeholder-aspect-ratio: 304\/308;\" \/><\/figure>\n\n\n\n<h3 class=\"wp-block-heading\">Ouvrez le fond<\/h3>\n\n\n\n<figure class=\"wp-block-image\"><img decoding=\"async\" data-src=\"https:\/\/cubesse.be\/wp-content\/uploads\/2020\/01\/cubesse_02.png\" alt=\"\" src=\"data:image\/svg+xml;base64,PHN2ZyB3aWR0aD0iMSIgaGVpZ2h0PSIxIiB4bWxucz0iaHR0cDovL3d3dy53My5vcmcvMjAwMC9zdmciPjwvc3ZnPg==\" class=\"lazyload\" style=\"--smush-placeholder-width: 304px; --smush-placeholder-aspect-ratio: 304\/308;\" \/><\/figure>\n\n\n\n<h3 class=\"wp-block-heading\">Videz le moule sur une planche<\/h3>\n\n\n\n<figure class=\"wp-block-image\"><img decoding=\"async\" data-src=\"https:\/\/cubesse.be\/wp-content\/uploads\/2020\/01\/cubesse_03.png\" alt=\"\" src=\"data:image\/svg+xml;base64,PHN2ZyB3aWR0aD0iMSIgaGVpZ2h0PSIxIiB4bWxucz0iaHR0cDovL3d3dy53My5vcmcvMjAwMC9zdmciPjwvc3ZnPg==\" class=\"lazyload\" style=\"--smush-placeholder-width: 305px; --smush-placeholder-aspect-ratio: 305\/308;\" \/><\/figure>\n\n\n\n<h3 class=\"wp-block-heading\">Coupez le long des lignes<\/h3>\n\n\n\n<figure class=\"wp-block-image\"><img decoding=\"async\" data-src=\"https:\/\/cubesse.be\/wp-content\/uploads\/2020\/01\/cubesse_04.png\" alt=\"\" src=\"data:image\/svg+xml;base64,PHN2ZyB3aWR0aD0iMSIgaGVpZ2h0PSIxIiB4bWxucz0iaHR0cDovL3d3dy53My5vcmcvMjAwMC9zdmciPjwvc3ZnPg==\" class=\"lazyload\" style=\"--smush-placeholder-width: 305px; --smush-placeholder-aspect-ratio: 305\/308;\" \/><\/figure>\n\n\n\n<h3 class=\"wp-block-heading\">Bon app\u00e9tit !<\/h3>","protected":false},"excerpt":{"rendered":"<p>Slice &amp; Share Lekker, eenvoudig \u00e9n weinig afwas. Cubesse is een appetizer die je in enkele seconden op tafel zet. Met een plankje, een mes, enkele prikkers en zonder veel moeite heb je achttien lekkere kubusjes kaas. Hoe? Dat leggen we je met veel plezier uit. Je opent de onderzijde van de verpakking en duwt&hellip;<\/p>","protected":false},"author":2,"featured_media":0,"parent":0,"menu_order":0,"comment_status":"closed","ping_status":"closed","template":"","meta":{"_seopress_robots_primary_cat":"","_seopress_titles_title":"","_seopress_titles_desc":"","_seopress_robots_index":"","footnotes":""},"class_list":["post-365","page","type-page","status-publish","hentry"],"yoast_head":"<!-- This site is optimized with the Yoast SEO plugin v27.4 - https:\/\/yoast.com\/product\/yoast-seo-wordpress\/ -->\n<title>Slice &amp; Share - Cubesse<\/title>\n<meta name=\"robots\" content=\"index, follow, max-snippet:-1, max-image-preview:large, max-video-preview:-1\" \/>\n<link rel=\"canonical\" href=\"https:\/\/cubesse.be\/fr\/slice-share\/\" \/>\n<meta property=\"og:locale\" content=\"fr_FR\" \/>\n<meta property=\"og:type\" content=\"article\" \/>\n<meta property=\"og:title\" content=\"Slice &amp; Share - Cubesse\" \/>\n<meta property=\"og:description\" content=\"Slice &amp; Share Lekker, eenvoudig \u00e9n weinig afwas. Cubesse is een appetizer die je in enkele seconden op tafel zet. Met een plankje, een mes, enkele prikkers en zonder veel moeite heb je achttien lekkere kubusjes kaas. Hoe? Dat leggen we je met veel plezier uit. Je opent de onderzijde van de verpakking en duwt&hellip;\" \/>\n<meta property=\"og:url\" content=\"https:\/\/cubesse.be\/fr\/slice-share\/\" \/>\n<meta property=\"og:site_name\" content=\"Cubesse\" \/>\n<meta property=\"article:modified_time\" content=\"2020-02-17T22:11:56+00:00\" \/>\n<meta property=\"og:image\" content=\"https:\/\/cubesse.be\/wp-content\/uploads\/2020\/01\/cubesse_slice_share.png\" \/>\n<meta name=\"twitter:card\" content=\"summary_large_image\" \/>\n<meta name=\"twitter:label1\" content=\"Dur\u00e9e de lecture est.\" \/>\n\t<meta name=\"twitter:data1\" content=\"1 minute\" \/>\n<script type=\"application\/ld+json\" class=\"yoast-schema-graph\">{\"@context\":\"https:\\\/\\\/schema.org\",\"@graph\":[{\"@type\":\"WebPage\",\"@id\":\"https:\\\/\\\/cubesse.be\\\/en\\\/slice-share\\\/\",\"url\":\"https:\\\/\\\/cubesse.be\\\/en\\\/slice-share\\\/\",\"name\":\"Slice & Share - Cubesse\",\"isPartOf\":{\"@id\":\"https:\\\/\\\/cubesse.be\\\/#website\"},\"primaryImageOfPage\":{\"@id\":\"https:\\\/\\\/cubesse.be\\\/en\\\/slice-share\\\/#primaryimage\"},\"image\":{\"@id\":\"https:\\\/\\\/cubesse.be\\\/en\\\/slice-share\\\/#primaryimage\"},\"thumbnailUrl\":\"https:\\\/\\\/cubesse.be\\\/wp-content\\\/uploads\\\/2020\\\/01\\\/cubesse_slice_share.png\",\"datePublished\":\"2020-01-06T13:21:12+00:00\",\"dateModified\":\"2020-02-17T22:11:56+00:00\",\"breadcrumb\":{\"@id\":\"https:\\\/\\\/cubesse.be\\\/en\\\/slice-share\\\/#breadcrumb\"},\"inLanguage\":\"fr-BE\",\"potentialAction\":[{\"@type\":\"ReadAction\",\"target\":[\"https:\\\/\\\/cubesse.be\\\/en\\\/slice-share\\\/\"]}]},{\"@type\":\"ImageObject\",\"inLanguage\":\"fr-BE\",\"@id\":\"https:\\\/\\\/cubesse.be\\\/en\\\/slice-share\\\/#primaryimage\",\"url\":\"https:\\\/\\\/cubesse.be\\\/wp-content\\\/uploads\\\/2020\\\/01\\\/cubesse_slice_share.png\",\"contentUrl\":\"https:\\\/\\\/cubesse.be\\\/wp-content\\\/uploads\\\/2020\\\/01\\\/cubesse_slice_share.png\"},{\"@type\":\"BreadcrumbList\",\"@id\":\"https:\\\/\\\/cubesse.be\\\/en\\\/slice-share\\\/#breadcrumb\",\"itemListElement\":[{\"@type\":\"ListItem\",\"position\":1,\"name\":\"Home\",\"item\":\"https:\\\/\\\/cubesse.be\\\/\"},{\"@type\":\"ListItem\",\"position\":2,\"name\":\"Slice &#038; Share\"}]},{\"@type\":\"WebSite\",\"@id\":\"https:\\\/\\\/cubesse.be\\\/#website\",\"url\":\"https:\\\/\\\/cubesse.be\\\/\",\"name\":\"Cubesse\",\"description\":\"Cubesse, een blokje om te delen\",\"potentialAction\":[{\"@type\":\"SearchAction\",\"target\":{\"@type\":\"EntryPoint\",\"urlTemplate\":\"https:\\\/\\\/cubesse.be\\\/?s={search_term_string}\"},\"query-input\":{\"@type\":\"PropertyValueSpecification\",\"valueRequired\":true,\"valueName\":\"search_term_string\"}}],\"inLanguage\":\"fr-BE\"}]}<\/script>\n<!-- \/ Yoast SEO plugin. -->","yoast_head_json":{"title":"Slice & Share - Cubesse","robots":{"index":"index","follow":"follow","max-snippet":"max-snippet:-1","max-image-preview":"max-image-preview:large","max-video-preview":"max-video-preview:-1"},"canonical":"https:\/\/cubesse.be\/fr\/slice-share\/","og_locale":"fr_FR","og_type":"article","og_title":"Slice & Share - Cubesse","og_description":"Slice &amp; Share Lekker, eenvoudig \u00e9n weinig afwas. Cubesse is een appetizer die je in enkele seconden op tafel zet. Met een plankje, een mes, enkele prikkers en zonder veel moeite heb je achttien lekkere kubusjes kaas. Hoe? Dat leggen we je met veel plezier uit. Je opent de onderzijde van de verpakking en duwt&hellip;","og_url":"https:\/\/cubesse.be\/fr\/slice-share\/","og_site_name":"Cubesse","article_modified_time":"2020-02-17T22:11:56+00:00","og_image":[{"url":"https:\/\/cubesse.be\/wp-content\/uploads\/2020\/01\/cubesse_slice_share.png","type":"","width":"","height":""}],"twitter_card":"summary_large_image","twitter_misc":{"Dur\u00e9e de lecture est.":"1 minute"},"schema":{"@context":"https:\/\/schema.org","@graph":[{"@type":"WebPage","@id":"https:\/\/cubesse.be\/en\/slice-share\/","url":"https:\/\/cubesse.be\/en\/slice-share\/","name":"Slice & Share - Cubesse","isPartOf":{"@id":"https:\/\/cubesse.be\/#website"},"primaryImageOfPage":{"@id":"https:\/\/cubesse.be\/en\/slice-share\/#primaryimage"},"image":{"@id":"https:\/\/cubesse.be\/en\/slice-share\/#primaryimage"},"thumbnailUrl":"https:\/\/cubesse.be\/wp-content\/uploads\/2020\/01\/cubesse_slice_share.png","datePublished":"2020-01-06T13:21:12+00:00","dateModified":"2020-02-17T22:11:56+00:00","breadcrumb":{"@id":"https:\/\/cubesse.be\/en\/slice-share\/#breadcrumb"},"inLanguage":"fr-BE","potentialAction":[{"@type":"ReadAction","target":["https:\/\/cubesse.be\/en\/slice-share\/"]}]},{"@type":"ImageObject","inLanguage":"fr-BE","@id":"https:\/\/cubesse.be\/en\/slice-share\/#primaryimage","url":"https:\/\/cubesse.be\/wp-content\/uploads\/2020\/01\/cubesse_slice_share.png","contentUrl":"https:\/\/cubesse.be\/wp-content\/uploads\/2020\/01\/cubesse_slice_share.png"},{"@type":"BreadcrumbList","@id":"https:\/\/cubesse.be\/en\/slice-share\/#breadcrumb","itemListElement":[{"@type":"ListItem","position":1,"name":"Home","item":"https:\/\/cubesse.be\/"},{"@type":"ListItem","position":2,"name":"Slice &#038; Share"}]},{"@type":"WebSite","@id":"https:\/\/cubesse.be\/#website","url":"https:\/\/cubesse.be\/","name":"Cubesse","description":"Cubesse, een blokje om te delen","potentialAction":[{"@type":"SearchAction","target":{"@type":"EntryPoint","urlTemplate":"https:\/\/cubesse.be\/?s={search_term_string}"},"query-input":{"@type":"PropertyValueSpecification","valueRequired":true,"valueName":"search_term_string"}}],"inLanguage":"fr-BE"}]}},"_links":{"self":[{"href":"https:\/\/cubesse.be\/fr\/wp-json\/wp\/v2\/pages\/365","targetHints":{"allow":["GET"]}}],"collection":[{"href":"https:\/\/cubesse.be\/fr\/wp-json\/wp\/v2\/pages"}],"about":[{"href":"https:\/\/cubesse.be\/fr\/wp-json\/wp\/v2\/types\/page"}],"author":[{"embeddable":true,"href":"https:\/\/cubesse.be\/fr\/wp-json\/wp\/v2\/users\/2"}],"replies":[{"embeddable":true,"href":"https:\/\/cubesse.be\/fr\/wp-json\/wp\/v2\/comments?post=365"}],"version-history":[{"count":0,"href":"https:\/\/cubesse.be\/fr\/wp-json\/wp\/v2\/pages\/365\/revisions"}],"wp:attachment":[{"href":"https:\/\/cubesse.be\/fr\/wp-json\/wp\/v2\/media?parent=365"}],"curies":[{"name":"wp","href":"https:\/\/api.w.org\/{rel}","templated":true}]}}