{"id":326,"date":"2020-01-06T10:56:11","date_gmt":"2020-01-06T10:56:11","guid":{"rendered":"http:\/\/cubesse.be\/?page_id=326"},"modified":"2020-01-22T17:07:19","modified_gmt":"2020-01-22T17:07:19","slug":"romige-kaas-met-gedroogde-tomaten","status":"publish","type":"page","link":"https:\/\/cubesse.be\/fr\/romige-kaas-met-gedroogde-tomaten\/","title":{"rendered":"Fromage cr\u00e9meux avec tomates s\u00e9ch\u00e9es"},"content":{"rendered":"<h2>\n\t\tFromage cr\u00e9meux avec tomates s\u00e9ch\u00e9es\n\t<\/h2>\n\t<h2>Vous servez un ap\u00e9ritif ou un vin italien ? Dans ce cas, cette version avec des tomates s\u00e9ch\u00e9es sera parfaite pour l\u2019accompagner. Go\u00fbtez \u00e9galement cette saveur avec du fromage de ch\u00e8vre.<\/h2>\n<p>Une f\u00eate n\u2019en est pas vraiment une sans un peu de fromage et une bouch\u00e9e avec des tomates s\u00e9ch\u00e9es. Et si vous associez les deux ? Vous obtenez Cubesse avec tomates s\u00e9ch\u00e9es, un incontournable qui convient \u00e0 tous les ap\u00e9ritifs. Vous disposez rapidement les 18 cubes \u00e0 table, et vos invit\u00e9s et vous d\u00e9gustez toutes ces bonnes choses, tout en profitant les uns des autres.<\/p>","protected":false},"excerpt":{"rendered":"<p>Romige kaas met gedroogde tomaten Een Italiaanse aperitief of wijn op tafel? Dan is deze variant met gedroogde tomaten de perfecte gezel. Probeer deze smaak ook eens met geitenkaas. Wat kan niet ontbreken op een feestje? Een beetje kaas en een hapje met zongedroogde tomaten. Wat als je beide nu eens combineert? Dan krijg je&hellip;<\/p>","protected":false},"author":2,"featured_media":0,"parent":0,"menu_order":0,"comment_status":"closed","ping_status":"closed","template":"","meta":{"_seopress_robots_primary_cat":"","_seopress_titles_title":"","_seopress_titles_desc":"","_seopress_robots_index":"","footnotes":""},"class_list":["post-326","page","type-page","status-publish","hentry"],"yoast_head":"<!-- This site is optimized with the Yoast SEO plugin v27.3 - https:\/\/yoast.com\/product\/yoast-seo-wordpress\/ -->\n<title>Romige kaas met gedroogde tomaten - Cubesse<\/title>\n<meta name=\"robots\" content=\"index, follow, max-snippet:-1, max-image-preview:large, max-video-preview:-1\" \/>\n<link rel=\"canonical\" href=\"https:\/\/cubesse.be\/fr\/romige-kaas-met-gedroogde-tomaten\/\" \/>\n<meta property=\"og:locale\" content=\"fr_FR\" \/>\n<meta property=\"og:type\" content=\"article\" \/>\n<meta property=\"og:title\" content=\"Romige kaas met gedroogde tomaten - Cubesse\" \/>\n<meta property=\"og:description\" content=\"Romige kaas met gedroogde tomaten Een Italiaanse aperitief of wijn op tafel? Dan is deze variant met gedroogde tomaten de perfecte gezel. Probeer deze smaak ook eens met geitenkaas. Wat kan niet ontbreken op een feestje? Een beetje kaas en een hapje met zongedroogde tomaten. Wat als je beide nu eens combineert? Dan krijg je&hellip;\" \/>\n<meta property=\"og:url\" content=\"https:\/\/cubesse.be\/fr\/romige-kaas-met-gedroogde-tomaten\/\" \/>\n<meta property=\"og:site_name\" content=\"Cubesse\" \/>\n<meta property=\"article:modified_time\" content=\"2020-01-22T17:07:19+00:00\" \/>\n<meta name=\"twitter:card\" content=\"summary_large_image\" \/>\n<script type=\"application\/ld+json\" class=\"yoast-schema-graph\">{\"@context\":\"https:\\\/\\\/schema.org\",\"@graph\":[{\"@type\":\"WebPage\",\"@id\":\"https:\\\/\\\/cubesse.be\\\/en\\\/romige-kaas-met-gedroogde-tomaten\\\/\",\"url\":\"https:\\\/\\\/cubesse.be\\\/en\\\/romige-kaas-met-gedroogde-tomaten\\\/\",\"name\":\"Romige kaas met gedroogde tomaten - Cubesse\",\"isPartOf\":{\"@id\":\"https:\\\/\\\/cubesse.be\\\/#website\"},\"datePublished\":\"2020-01-06T10:56:11+00:00\",\"dateModified\":\"2020-01-22T17:07:19+00:00\",\"breadcrumb\":{\"@id\":\"https:\\\/\\\/cubesse.be\\\/en\\\/romige-kaas-met-gedroogde-tomaten\\\/#breadcrumb\"},\"inLanguage\":\"fr-BE\",\"potentialAction\":[{\"@type\":\"ReadAction\",\"target\":[\"https:\\\/\\\/cubesse.be\\\/en\\\/romige-kaas-met-gedroogde-tomaten\\\/\"]}]},{\"@type\":\"BreadcrumbList\",\"@id\":\"https:\\\/\\\/cubesse.be\\\/en\\\/romige-kaas-met-gedroogde-tomaten\\\/#breadcrumb\",\"itemListElement\":[{\"@type\":\"ListItem\",\"position\":1,\"name\":\"Home\",\"item\":\"https:\\\/\\\/cubesse.be\\\/\"},{\"@type\":\"ListItem\",\"position\":2,\"name\":\"Romige kaas met gedroogde tomaten\"}]},{\"@type\":\"WebSite\",\"@id\":\"https:\\\/\\\/cubesse.be\\\/#website\",\"url\":\"https:\\\/\\\/cubesse.be\\\/\",\"name\":\"Cubesse\",\"description\":\"Cubesse, een blokje om te delen\",\"potentialAction\":[{\"@type\":\"SearchAction\",\"target\":{\"@type\":\"EntryPoint\",\"urlTemplate\":\"https:\\\/\\\/cubesse.be\\\/?s={search_term_string}\"},\"query-input\":{\"@type\":\"PropertyValueSpecification\",\"valueRequired\":true,\"valueName\":\"search_term_string\"}}],\"inLanguage\":\"fr-BE\"}]}<\/script>\n<!-- \/ Yoast SEO plugin. -->","yoast_head_json":{"title":"Romige kaas met gedroogde tomaten - Cubesse","robots":{"index":"index","follow":"follow","max-snippet":"max-snippet:-1","max-image-preview":"max-image-preview:large","max-video-preview":"max-video-preview:-1"},"canonical":"https:\/\/cubesse.be\/fr\/romige-kaas-met-gedroogde-tomaten\/","og_locale":"fr_FR","og_type":"article","og_title":"Romige kaas met gedroogde tomaten - Cubesse","og_description":"Romige kaas met gedroogde tomaten Een Italiaanse aperitief of wijn op tafel? Dan is deze variant met gedroogde tomaten de perfecte gezel. Probeer deze smaak ook eens met geitenkaas. Wat kan niet ontbreken op een feestje? Een beetje kaas en een hapje met zongedroogde tomaten. Wat als je beide nu eens combineert? Dan krijg je&hellip;","og_url":"https:\/\/cubesse.be\/fr\/romige-kaas-met-gedroogde-tomaten\/","og_site_name":"Cubesse","article_modified_time":"2020-01-22T17:07:19+00:00","twitter_card":"summary_large_image","schema":{"@context":"https:\/\/schema.org","@graph":[{"@type":"WebPage","@id":"https:\/\/cubesse.be\/en\/romige-kaas-met-gedroogde-tomaten\/","url":"https:\/\/cubesse.be\/en\/romige-kaas-met-gedroogde-tomaten\/","name":"Romige kaas met gedroogde tomaten - Cubesse","isPartOf":{"@id":"https:\/\/cubesse.be\/#website"},"datePublished":"2020-01-06T10:56:11+00:00","dateModified":"2020-01-22T17:07:19+00:00","breadcrumb":{"@id":"https:\/\/cubesse.be\/en\/romige-kaas-met-gedroogde-tomaten\/#breadcrumb"},"inLanguage":"fr-BE","potentialAction":[{"@type":"ReadAction","target":["https:\/\/cubesse.be\/en\/romige-kaas-met-gedroogde-tomaten\/"]}]},{"@type":"BreadcrumbList","@id":"https:\/\/cubesse.be\/en\/romige-kaas-met-gedroogde-tomaten\/#breadcrumb","itemListElement":[{"@type":"ListItem","position":1,"name":"Home","item":"https:\/\/cubesse.be\/"},{"@type":"ListItem","position":2,"name":"Romige kaas met gedroogde tomaten"}]},{"@type":"WebSite","@id":"https:\/\/cubesse.be\/#website","url":"https:\/\/cubesse.be\/","name":"Cubesse","description":"Cubesse, een blokje om te delen","potentialAction":[{"@type":"SearchAction","target":{"@type":"EntryPoint","urlTemplate":"https:\/\/cubesse.be\/?s={search_term_string}"},"query-input":{"@type":"PropertyValueSpecification","valueRequired":true,"valueName":"search_term_string"}}],"inLanguage":"fr-BE"}]}},"_links":{"self":[{"href":"https:\/\/cubesse.be\/fr\/wp-json\/wp\/v2\/pages\/326","targetHints":{"allow":["GET"]}}],"collection":[{"href":"https:\/\/cubesse.be\/fr\/wp-json\/wp\/v2\/pages"}],"about":[{"href":"https:\/\/cubesse.be\/fr\/wp-json\/wp\/v2\/types\/page"}],"author":[{"embeddable":true,"href":"https:\/\/cubesse.be\/fr\/wp-json\/wp\/v2\/users\/2"}],"replies":[{"embeddable":true,"href":"https:\/\/cubesse.be\/fr\/wp-json\/wp\/v2\/comments?post=326"}],"version-history":[{"count":0,"href":"https:\/\/cubesse.be\/fr\/wp-json\/wp\/v2\/pages\/326\/revisions"}],"wp:attachment":[{"href":"https:\/\/cubesse.be\/fr\/wp-json\/wp\/v2\/media?parent=326"}],"curies":[{"name":"wp","href":"https:\/\/api.w.org\/{rel}","templated":true}]}}