{"id":321,"date":"2020-01-06T10:55:30","date_gmt":"2020-01-06T10:55:30","guid":{"rendered":"http:\/\/cubesse.be\/?page_id=321"},"modified":"2021-01-14T16:20:38","modified_gmt":"2021-01-14T16:20:38","slug":"romige-kaas-met-koffie","status":"publish","type":"page","link":"https:\/\/cubesse.be\/fr\/romige-kaas-met-koffie\/","title":{"rendered":"Fromage cr\u00e9meux au caf\u00e9"},"content":{"rendered":"<h2>\n\t\tFromage cr\u00e9meux au caf\u00e9\n\t<\/h2>\n\t<h2>Fromage et caf\u00e9 ? Bien s\u00fbr. La l\u00e9g\u00e8re note am\u00e8re associ\u00e9e au fromage onctueux ravira aussi vos papilles gustatives.<\/h2>\n<p>Cubesse au caf\u00e9 est la meilleure preuve que le caf\u00e9 a sa place \u00e0 table d\u00e8s l'ap\u00e9ritif et pas uniquement dans un espresso martini. Ou en dessert ? Cette association a beau \u00eatre curieuse, elle n\u2019en est pas moins bonne pour autant. Laissez-lui une chance et vous nous donnerez rapidement raison. Cette version est tout bonnement d\u00e9licieuse.<\/p>","protected":false},"excerpt":{"rendered":"<p>Romige kaas met koffie Kaas en koffie? Jawel. De licht bittere toets in combinatie met de smeu\u00efge kaas zal ook jouw smaakpapillen veroveren. Cubesse met koffie is het beste bewijs dat koffie al van bij het aperitief op tafel kan, en niet enkel bij een espresso martini. Of nagenieten als dessert? Opmerkelijk, dat is deze&hellip;<\/p>","protected":false},"author":2,"featured_media":0,"parent":0,"menu_order":0,"comment_status":"closed","ping_status":"closed","template":"","meta":{"_seopress_robots_primary_cat":"","_seopress_titles_title":"","_seopress_titles_desc":"","_seopress_robots_index":"","footnotes":""},"class_list":["post-321","page","type-page","status-publish","hentry"],"yoast_head":"<!-- This site is optimized with the Yoast SEO plugin v27.3 - https:\/\/yoast.com\/product\/yoast-seo-wordpress\/ -->\n<title>Romige kaas met koffie - Cubesse<\/title>\n<meta name=\"robots\" content=\"index, follow, max-snippet:-1, max-image-preview:large, max-video-preview:-1\" \/>\n<link rel=\"canonical\" href=\"https:\/\/cubesse.be\/fr\/romige-kaas-met-koffie\/\" \/>\n<meta property=\"og:locale\" content=\"fr_FR\" \/>\n<meta property=\"og:type\" content=\"article\" \/>\n<meta property=\"og:title\" content=\"Romige kaas met koffie - Cubesse\" \/>\n<meta property=\"og:description\" content=\"Romige kaas met koffie Kaas en koffie? Jawel. De licht bittere toets in combinatie met de smeu\u00efge kaas zal ook jouw smaakpapillen veroveren. Cubesse met koffie is het beste bewijs dat koffie al van bij het aperitief op tafel kan, en niet enkel bij een espresso martini. Of nagenieten als dessert? Opmerkelijk, dat is deze&hellip;\" \/>\n<meta property=\"og:url\" content=\"https:\/\/cubesse.be\/fr\/romige-kaas-met-koffie\/\" \/>\n<meta property=\"og:site_name\" content=\"Cubesse\" \/>\n<meta property=\"article:modified_time\" content=\"2021-01-14T16:20:38+00:00\" \/>\n<meta name=\"twitter:card\" content=\"summary_large_image\" \/>\n<script type=\"application\/ld+json\" class=\"yoast-schema-graph\">{\"@context\":\"https:\\\/\\\/schema.org\",\"@graph\":[{\"@type\":\"WebPage\",\"@id\":\"https:\\\/\\\/cubesse.be\\\/romige-kaas-met-koffie\\\/\",\"url\":\"https:\\\/\\\/cubesse.be\\\/romige-kaas-met-koffie\\\/\",\"name\":\"Romige kaas met koffie - Cubesse\",\"isPartOf\":{\"@id\":\"https:\\\/\\\/cubesse.be\\\/#website\"},\"datePublished\":\"2020-01-06T10:55:30+00:00\",\"dateModified\":\"2021-01-14T16:20:38+00:00\",\"breadcrumb\":{\"@id\":\"https:\\\/\\\/cubesse.be\\\/romige-kaas-met-koffie\\\/#breadcrumb\"},\"inLanguage\":\"fr-BE\",\"potentialAction\":[{\"@type\":\"ReadAction\",\"target\":[\"https:\\\/\\\/cubesse.be\\\/romige-kaas-met-koffie\\\/\"]}]},{\"@type\":\"BreadcrumbList\",\"@id\":\"https:\\\/\\\/cubesse.be\\\/romige-kaas-met-koffie\\\/#breadcrumb\",\"itemListElement\":[{\"@type\":\"ListItem\",\"position\":1,\"name\":\"Home\",\"item\":\"https:\\\/\\\/cubesse.be\\\/\"},{\"@type\":\"ListItem\",\"position\":2,\"name\":\"Romige kaas met koffie\"}]},{\"@type\":\"WebSite\",\"@id\":\"https:\\\/\\\/cubesse.be\\\/#website\",\"url\":\"https:\\\/\\\/cubesse.be\\\/\",\"name\":\"Cubesse\",\"description\":\"Cubesse, een blokje om te delen\",\"potentialAction\":[{\"@type\":\"SearchAction\",\"target\":{\"@type\":\"EntryPoint\",\"urlTemplate\":\"https:\\\/\\\/cubesse.be\\\/?s={search_term_string}\"},\"query-input\":{\"@type\":\"PropertyValueSpecification\",\"valueRequired\":true,\"valueName\":\"search_term_string\"}}],\"inLanguage\":\"fr-BE\"}]}<\/script>\n<!-- \/ Yoast SEO plugin. -->","yoast_head_json":{"title":"Romige kaas met koffie - Cubesse","robots":{"index":"index","follow":"follow","max-snippet":"max-snippet:-1","max-image-preview":"max-image-preview:large","max-video-preview":"max-video-preview:-1"},"canonical":"https:\/\/cubesse.be\/fr\/romige-kaas-met-koffie\/","og_locale":"fr_FR","og_type":"article","og_title":"Romige kaas met koffie - Cubesse","og_description":"Romige kaas met koffie Kaas en koffie? Jawel. De licht bittere toets in combinatie met de smeu\u00efge kaas zal ook jouw smaakpapillen veroveren. Cubesse met koffie is het beste bewijs dat koffie al van bij het aperitief op tafel kan, en niet enkel bij een espresso martini. Of nagenieten als dessert? Opmerkelijk, dat is deze&hellip;","og_url":"https:\/\/cubesse.be\/fr\/romige-kaas-met-koffie\/","og_site_name":"Cubesse","article_modified_time":"2021-01-14T16:20:38+00:00","twitter_card":"summary_large_image","schema":{"@context":"https:\/\/schema.org","@graph":[{"@type":"WebPage","@id":"https:\/\/cubesse.be\/romige-kaas-met-koffie\/","url":"https:\/\/cubesse.be\/romige-kaas-met-koffie\/","name":"Romige kaas met koffie - Cubesse","isPartOf":{"@id":"https:\/\/cubesse.be\/#website"},"datePublished":"2020-01-06T10:55:30+00:00","dateModified":"2021-01-14T16:20:38+00:00","breadcrumb":{"@id":"https:\/\/cubesse.be\/romige-kaas-met-koffie\/#breadcrumb"},"inLanguage":"fr-BE","potentialAction":[{"@type":"ReadAction","target":["https:\/\/cubesse.be\/romige-kaas-met-koffie\/"]}]},{"@type":"BreadcrumbList","@id":"https:\/\/cubesse.be\/romige-kaas-met-koffie\/#breadcrumb","itemListElement":[{"@type":"ListItem","position":1,"name":"Home","item":"https:\/\/cubesse.be\/"},{"@type":"ListItem","position":2,"name":"Romige kaas met koffie"}]},{"@type":"WebSite","@id":"https:\/\/cubesse.be\/#website","url":"https:\/\/cubesse.be\/","name":"Cubesse","description":"Cubesse, een blokje om te delen","potentialAction":[{"@type":"SearchAction","target":{"@type":"EntryPoint","urlTemplate":"https:\/\/cubesse.be\/?s={search_term_string}"},"query-input":{"@type":"PropertyValueSpecification","valueRequired":true,"valueName":"search_term_string"}}],"inLanguage":"fr-BE"}]}},"_links":{"self":[{"href":"https:\/\/cubesse.be\/fr\/wp-json\/wp\/v2\/pages\/321","targetHints":{"allow":["GET"]}}],"collection":[{"href":"https:\/\/cubesse.be\/fr\/wp-json\/wp\/v2\/pages"}],"about":[{"href":"https:\/\/cubesse.be\/fr\/wp-json\/wp\/v2\/types\/page"}],"author":[{"embeddable":true,"href":"https:\/\/cubesse.be\/fr\/wp-json\/wp\/v2\/users\/2"}],"replies":[{"embeddable":true,"href":"https:\/\/cubesse.be\/fr\/wp-json\/wp\/v2\/comments?post=321"}],"version-history":[{"count":0,"href":"https:\/\/cubesse.be\/fr\/wp-json\/wp\/v2\/pages\/321\/revisions"}],"wp:attachment":[{"href":"https:\/\/cubesse.be\/fr\/wp-json\/wp\/v2\/media?parent=321"}],"curies":[{"name":"wp","href":"https:\/\/api.w.org\/{rel}","templated":true}]}}