{"id":307,"date":"2020-01-06T10:33:38","date_gmt":"2020-01-06T10:33:38","guid":{"rendered":"http:\/\/cubesse.be\/?page_id=307"},"modified":"2020-01-06T23:42:39","modified_gmt":"2020-01-06T23:42:39","slug":"romige-kaas-met-ui","status":"publish","type":"page","link":"https:\/\/cubesse.be\/fr\/romige-kaas-met-ui\/","title":{"rendered":"Fromage cr\u00e9meux avec oignon"},"content":{"rendered":"<h2>\n\t\tFromage cr\u00e9meux avec oignon\n\t<\/h2>\n\t<h2>Le go\u00fbt prononc\u00e9 de l'oignon est att\u00e9nu\u00e9 par l\u2019association avec le fromage cr\u00e9meux de Cubesse. Ou alors, pr\u00e9f\u00e9reriez-vous cette version avec du fromage de ch\u00e8vre ?<\/h2>\n<p>Le fromage et l\u2019oignon ne s'associent pas seulement parfaitement dans une quiche ou une d\u00e9licieuse soupe \u00e0 l\u2019oignon. Cubesse avec oignon en est la meilleure preuve. Le go\u00fbt de l\u2019oignon est subtil et se m\u00e9lange parfaitement avec le fromage cr\u00e9meux. En r\u00e9sum\u00e9 : c\u2019est le partenaire id\u00e9al pour votre ap\u00e9ritif.<\/p>","protected":false},"excerpt":{"rendered":"<p>Romige kaas met ui De sterke smaak van ui wordt verzacht door de combinatie met de romige kaas van Cubesse. Of wat dacht je van deze variant met geitenkaas? Kaas en ajuin gaan niet enkel perfect samen in een quiche of lekkere uiensoep. Het beste bewijs daarvan is Cubesse met ui. De ajuinsmaak is subtiel&hellip;<\/p>","protected":false},"author":2,"featured_media":0,"parent":0,"menu_order":0,"comment_status":"closed","ping_status":"closed","template":"","meta":{"_seopress_robots_primary_cat":"","_seopress_titles_title":"","_seopress_titles_desc":"","_seopress_robots_index":"","footnotes":""},"class_list":["post-307","page","type-page","status-publish","hentry"],"yoast_head":"<!-- This site is optimized with the Yoast SEO plugin v27.4 - https:\/\/yoast.com\/product\/yoast-seo-wordpress\/ -->\n<title>Romige kaas met ui - Cubesse<\/title>\n<meta name=\"robots\" content=\"index, follow, max-snippet:-1, max-image-preview:large, max-video-preview:-1\" \/>\n<link rel=\"canonical\" href=\"https:\/\/cubesse.be\/fr\/romige-kaas-met-ui\/\" \/>\n<meta property=\"og:locale\" content=\"fr_FR\" \/>\n<meta property=\"og:type\" content=\"article\" \/>\n<meta property=\"og:title\" content=\"Romige kaas met ui - Cubesse\" \/>\n<meta property=\"og:description\" content=\"Romige kaas met ui De sterke smaak van ui wordt verzacht door de combinatie met de romige kaas van Cubesse. Of wat dacht je van deze variant met geitenkaas? Kaas en ajuin gaan niet enkel perfect samen in een quiche of lekkere uiensoep. Het beste bewijs daarvan is Cubesse met ui. De ajuinsmaak is subtiel&hellip;\" \/>\n<meta property=\"og:url\" content=\"https:\/\/cubesse.be\/fr\/romige-kaas-met-ui\/\" \/>\n<meta property=\"og:site_name\" content=\"Cubesse\" \/>\n<meta property=\"article:modified_time\" content=\"2020-01-06T23:42:39+00:00\" \/>\n<meta name=\"twitter:card\" content=\"summary_large_image\" \/>\n<script type=\"application\/ld+json\" class=\"yoast-schema-graph\">{\"@context\":\"https:\\\/\\\/schema.org\",\"@graph\":[{\"@type\":\"WebPage\",\"@id\":\"https:\\\/\\\/cubesse.be\\\/fr\\\/romige-kaas-met-ui\\\/\",\"url\":\"https:\\\/\\\/cubesse.be\\\/fr\\\/romige-kaas-met-ui\\\/\",\"name\":\"Romige kaas met ui - Cubesse\",\"isPartOf\":{\"@id\":\"https:\\\/\\\/cubesse.be\\\/#website\"},\"datePublished\":\"2020-01-06T10:33:38+00:00\",\"dateModified\":\"2020-01-06T23:42:39+00:00\",\"breadcrumb\":{\"@id\":\"https:\\\/\\\/cubesse.be\\\/fr\\\/romige-kaas-met-ui\\\/#breadcrumb\"},\"inLanguage\":\"fr-BE\",\"potentialAction\":[{\"@type\":\"ReadAction\",\"target\":[\"https:\\\/\\\/cubesse.be\\\/fr\\\/romige-kaas-met-ui\\\/\"]}]},{\"@type\":\"BreadcrumbList\",\"@id\":\"https:\\\/\\\/cubesse.be\\\/fr\\\/romige-kaas-met-ui\\\/#breadcrumb\",\"itemListElement\":[{\"@type\":\"ListItem\",\"position\":1,\"name\":\"Home\",\"item\":\"https:\\\/\\\/cubesse.be\\\/\"},{\"@type\":\"ListItem\",\"position\":2,\"name\":\"Romige kaas met ui\"}]},{\"@type\":\"WebSite\",\"@id\":\"https:\\\/\\\/cubesse.be\\\/#website\",\"url\":\"https:\\\/\\\/cubesse.be\\\/\",\"name\":\"Cubesse\",\"description\":\"Cubesse, een blokje om te delen\",\"potentialAction\":[{\"@type\":\"SearchAction\",\"target\":{\"@type\":\"EntryPoint\",\"urlTemplate\":\"https:\\\/\\\/cubesse.be\\\/?s={search_term_string}\"},\"query-input\":{\"@type\":\"PropertyValueSpecification\",\"valueRequired\":true,\"valueName\":\"search_term_string\"}}],\"inLanguage\":\"fr-BE\"}]}<\/script>\n<!-- \/ Yoast SEO plugin. -->","yoast_head_json":{"title":"Romige kaas met ui - Cubesse","robots":{"index":"index","follow":"follow","max-snippet":"max-snippet:-1","max-image-preview":"max-image-preview:large","max-video-preview":"max-video-preview:-1"},"canonical":"https:\/\/cubesse.be\/fr\/romige-kaas-met-ui\/","og_locale":"fr_FR","og_type":"article","og_title":"Romige kaas met ui - Cubesse","og_description":"Romige kaas met ui De sterke smaak van ui wordt verzacht door de combinatie met de romige kaas van Cubesse. Of wat dacht je van deze variant met geitenkaas? Kaas en ajuin gaan niet enkel perfect samen in een quiche of lekkere uiensoep. Het beste bewijs daarvan is Cubesse met ui. De ajuinsmaak is subtiel&hellip;","og_url":"https:\/\/cubesse.be\/fr\/romige-kaas-met-ui\/","og_site_name":"Cubesse","article_modified_time":"2020-01-06T23:42:39+00:00","twitter_card":"summary_large_image","schema":{"@context":"https:\/\/schema.org","@graph":[{"@type":"WebPage","@id":"https:\/\/cubesse.be\/fr\/romige-kaas-met-ui\/","url":"https:\/\/cubesse.be\/fr\/romige-kaas-met-ui\/","name":"Romige kaas met ui - Cubesse","isPartOf":{"@id":"https:\/\/cubesse.be\/#website"},"datePublished":"2020-01-06T10:33:38+00:00","dateModified":"2020-01-06T23:42:39+00:00","breadcrumb":{"@id":"https:\/\/cubesse.be\/fr\/romige-kaas-met-ui\/#breadcrumb"},"inLanguage":"fr-BE","potentialAction":[{"@type":"ReadAction","target":["https:\/\/cubesse.be\/fr\/romige-kaas-met-ui\/"]}]},{"@type":"BreadcrumbList","@id":"https:\/\/cubesse.be\/fr\/romige-kaas-met-ui\/#breadcrumb","itemListElement":[{"@type":"ListItem","position":1,"name":"Home","item":"https:\/\/cubesse.be\/"},{"@type":"ListItem","position":2,"name":"Romige kaas met ui"}]},{"@type":"WebSite","@id":"https:\/\/cubesse.be\/#website","url":"https:\/\/cubesse.be\/","name":"Cubesse","description":"Cubesse, een blokje om te delen","potentialAction":[{"@type":"SearchAction","target":{"@type":"EntryPoint","urlTemplate":"https:\/\/cubesse.be\/?s={search_term_string}"},"query-input":{"@type":"PropertyValueSpecification","valueRequired":true,"valueName":"search_term_string"}}],"inLanguage":"fr-BE"}]}},"_links":{"self":[{"href":"https:\/\/cubesse.be\/fr\/wp-json\/wp\/v2\/pages\/307","targetHints":{"allow":["GET"]}}],"collection":[{"href":"https:\/\/cubesse.be\/fr\/wp-json\/wp\/v2\/pages"}],"about":[{"href":"https:\/\/cubesse.be\/fr\/wp-json\/wp\/v2\/types\/page"}],"author":[{"embeddable":true,"href":"https:\/\/cubesse.be\/fr\/wp-json\/wp\/v2\/users\/2"}],"replies":[{"embeddable":true,"href":"https:\/\/cubesse.be\/fr\/wp-json\/wp\/v2\/comments?post=307"}],"version-history":[{"count":0,"href":"https:\/\/cubesse.be\/fr\/wp-json\/wp\/v2\/pages\/307\/revisions"}],"wp:attachment":[{"href":"https:\/\/cubesse.be\/fr\/wp-json\/wp\/v2\/media?parent=307"}],"curies":[{"name":"wp","href":"https:\/\/api.w.org\/{rel}","templated":true}]}}