{"id":281,"date":"2019-12-30T15:59:14","date_gmt":"2019-12-30T15:59:14","guid":{"rendered":"http:\/\/cubesse.be\/?page_id=281"},"modified":"2020-01-22T17:06:47","modified_gmt":"2020-01-22T17:06:47","slug":"romige-kaas-met-honing","status":"publish","type":"page","link":"https:\/\/cubesse.be\/fr\/romige-kaas-met-honing\/","title":{"rendered":"Fromage cr\u00e9meux au miel"},"content":{"rendered":"<h2>\n\t\tFromage cr\u00e9meux au miel\n\t<\/h2>\n\t<h2>L'agr\u00e9able association sucr\u00e9e et l\u00e9g\u00e8re du miel et du fromage fait l\u2019unanimit\u00e9. Un doux m\u00e9lange qui ouvre l\u2019app\u00e9tit.<\/h2>\n<p>Cubesse est la preuve que le miel ne doit pas toujours \u00eatre associ\u00e9 \u00e0 du fromage de ch\u00e8vre. Comme dans un vrai amuse-bouche, la couche de miel fond dans la bouche avec le fromage. Cette association fantastique et simple surprendra vos papilles gustatives.<\/p>","protected":false},"excerpt":{"rendered":"<p>Romige kaas met honing De aangenaam zoete en lichte combinatie van honing en kaas valt bij iedereen in de smaak. Een zachte mix die de eetlust opwekt. Dat je honing niet steeds met geitenkaas hoeft te combineren, bewijst Cubesse. Als een ware amuse smelt het laagje honing samen met de kaas in je mond. Het&hellip;<\/p>","protected":false},"author":2,"featured_media":0,"parent":0,"menu_order":0,"comment_status":"closed","ping_status":"closed","template":"","meta":{"_seopress_robots_primary_cat":"","_seopress_titles_title":"","_seopress_titles_desc":"","_seopress_robots_index":"","footnotes":""},"class_list":["post-281","page","type-page","status-publish","hentry"],"yoast_head":"<!-- This site is optimized with the Yoast SEO plugin v27.4 - https:\/\/yoast.com\/product\/yoast-seo-wordpress\/ -->\n<title>Romige kaas met honing - Cubesse<\/title>\n<meta name=\"robots\" content=\"index, follow, max-snippet:-1, max-image-preview:large, max-video-preview:-1\" \/>\n<link rel=\"canonical\" href=\"https:\/\/cubesse.be\/fr\/romige-kaas-met-honing\/\" \/>\n<meta property=\"og:locale\" content=\"fr_FR\" \/>\n<meta property=\"og:type\" content=\"article\" \/>\n<meta property=\"og:title\" content=\"Romige kaas met honing - Cubesse\" \/>\n<meta property=\"og:description\" content=\"Romige kaas met honing De aangenaam zoete en lichte combinatie van honing en kaas valt bij iedereen in de smaak. Een zachte mix die de eetlust opwekt. Dat je honing niet steeds met geitenkaas hoeft te combineren, bewijst Cubesse. Als een ware amuse smelt het laagje honing samen met de kaas in je mond. Het&hellip;\" \/>\n<meta property=\"og:url\" content=\"https:\/\/cubesse.be\/fr\/romige-kaas-met-honing\/\" \/>\n<meta property=\"og:site_name\" content=\"Cubesse\" \/>\n<meta property=\"article:modified_time\" content=\"2020-01-22T17:06:47+00:00\" \/>\n<meta name=\"twitter:card\" content=\"summary_large_image\" \/>\n<script type=\"application\/ld+json\" class=\"yoast-schema-graph\">{\"@context\":\"https:\\\/\\\/schema.org\",\"@graph\":[{\"@type\":\"WebPage\",\"@id\":\"https:\\\/\\\/cubesse.be\\\/romige-kaas-met-honing\\\/\",\"url\":\"https:\\\/\\\/cubesse.be\\\/romige-kaas-met-honing\\\/\",\"name\":\"Romige kaas met honing - Cubesse\",\"isPartOf\":{\"@id\":\"https:\\\/\\\/cubesse.be\\\/#website\"},\"datePublished\":\"2019-12-30T15:59:14+00:00\",\"dateModified\":\"2020-01-22T17:06:47+00:00\",\"breadcrumb\":{\"@id\":\"https:\\\/\\\/cubesse.be\\\/romige-kaas-met-honing\\\/#breadcrumb\"},\"inLanguage\":\"fr-BE\",\"potentialAction\":[{\"@type\":\"ReadAction\",\"target\":[\"https:\\\/\\\/cubesse.be\\\/romige-kaas-met-honing\\\/\"]}]},{\"@type\":\"BreadcrumbList\",\"@id\":\"https:\\\/\\\/cubesse.be\\\/romige-kaas-met-honing\\\/#breadcrumb\",\"itemListElement\":[{\"@type\":\"ListItem\",\"position\":1,\"name\":\"Home\",\"item\":\"https:\\\/\\\/cubesse.be\\\/\"},{\"@type\":\"ListItem\",\"position\":2,\"name\":\"Romige kaas met honing\"}]},{\"@type\":\"WebSite\",\"@id\":\"https:\\\/\\\/cubesse.be\\\/#website\",\"url\":\"https:\\\/\\\/cubesse.be\\\/\",\"name\":\"Cubesse\",\"description\":\"Cubesse, een blokje om te delen\",\"potentialAction\":[{\"@type\":\"SearchAction\",\"target\":{\"@type\":\"EntryPoint\",\"urlTemplate\":\"https:\\\/\\\/cubesse.be\\\/?s={search_term_string}\"},\"query-input\":{\"@type\":\"PropertyValueSpecification\",\"valueRequired\":true,\"valueName\":\"search_term_string\"}}],\"inLanguage\":\"fr-BE\"}]}<\/script>\n<!-- \/ Yoast SEO plugin. -->","yoast_head_json":{"title":"Romige kaas met honing - Cubesse","robots":{"index":"index","follow":"follow","max-snippet":"max-snippet:-1","max-image-preview":"max-image-preview:large","max-video-preview":"max-video-preview:-1"},"canonical":"https:\/\/cubesse.be\/fr\/romige-kaas-met-honing\/","og_locale":"fr_FR","og_type":"article","og_title":"Romige kaas met honing - Cubesse","og_description":"Romige kaas met honing De aangenaam zoete en lichte combinatie van honing en kaas valt bij iedereen in de smaak. Een zachte mix die de eetlust opwekt. Dat je honing niet steeds met geitenkaas hoeft te combineren, bewijst Cubesse. Als een ware amuse smelt het laagje honing samen met de kaas in je mond. Het&hellip;","og_url":"https:\/\/cubesse.be\/fr\/romige-kaas-met-honing\/","og_site_name":"Cubesse","article_modified_time":"2020-01-22T17:06:47+00:00","twitter_card":"summary_large_image","schema":{"@context":"https:\/\/schema.org","@graph":[{"@type":"WebPage","@id":"https:\/\/cubesse.be\/romige-kaas-met-honing\/","url":"https:\/\/cubesse.be\/romige-kaas-met-honing\/","name":"Romige kaas met honing - Cubesse","isPartOf":{"@id":"https:\/\/cubesse.be\/#website"},"datePublished":"2019-12-30T15:59:14+00:00","dateModified":"2020-01-22T17:06:47+00:00","breadcrumb":{"@id":"https:\/\/cubesse.be\/romige-kaas-met-honing\/#breadcrumb"},"inLanguage":"fr-BE","potentialAction":[{"@type":"ReadAction","target":["https:\/\/cubesse.be\/romige-kaas-met-honing\/"]}]},{"@type":"BreadcrumbList","@id":"https:\/\/cubesse.be\/romige-kaas-met-honing\/#breadcrumb","itemListElement":[{"@type":"ListItem","position":1,"name":"Home","item":"https:\/\/cubesse.be\/"},{"@type":"ListItem","position":2,"name":"Romige kaas met honing"}]},{"@type":"WebSite","@id":"https:\/\/cubesse.be\/#website","url":"https:\/\/cubesse.be\/","name":"Cubesse","description":"Cubesse, een blokje om te delen","potentialAction":[{"@type":"SearchAction","target":{"@type":"EntryPoint","urlTemplate":"https:\/\/cubesse.be\/?s={search_term_string}"},"query-input":{"@type":"PropertyValueSpecification","valueRequired":true,"valueName":"search_term_string"}}],"inLanguage":"fr-BE"}]}},"_links":{"self":[{"href":"https:\/\/cubesse.be\/fr\/wp-json\/wp\/v2\/pages\/281","targetHints":{"allow":["GET"]}}],"collection":[{"href":"https:\/\/cubesse.be\/fr\/wp-json\/wp\/v2\/pages"}],"about":[{"href":"https:\/\/cubesse.be\/fr\/wp-json\/wp\/v2\/types\/page"}],"author":[{"embeddable":true,"href":"https:\/\/cubesse.be\/fr\/wp-json\/wp\/v2\/users\/2"}],"replies":[{"embeddable":true,"href":"https:\/\/cubesse.be\/fr\/wp-json\/wp\/v2\/comments?post=281"}],"version-history":[{"count":0,"href":"https:\/\/cubesse.be\/fr\/wp-json\/wp\/v2\/pages\/281\/revisions"}],"wp:attachment":[{"href":"https:\/\/cubesse.be\/fr\/wp-json\/wp\/v2\/media?parent=281"}],"curies":[{"name":"wp","href":"https:\/\/api.w.org\/{rel}","templated":true}]}}