{"id":192,"date":"2019-12-17T21:20:10","date_gmt":"2019-12-17T21:20:10","guid":{"rendered":"http:\/\/cubesse.be\/?page_id=192"},"modified":"2020-12-23T15:12:08","modified_gmt":"2020-12-23T15:12:08","slug":"romige-kaas-met-chocolade","status":"publish","type":"page","link":"https:\/\/cubesse.be\/fr\/romige-kaas-met-chocolade\/","title":{"rendered":"fromage cr\u00e9meux au cacao"},"content":{"rendered":"<h2>\n\t\tfromage cr\u00e9meux au cacao\n\t<\/h2>\n\t<h2>Cubesse ne ressemble pas seulement \u00e0 une barre de chocolat, avec la couche de cacao, elle a aussi ce go\u00fbt. Vous \u00eates en train de fondre jusqu'au bout ?<\/h2>\n<p>&nbsp;<\/p>\n<p>Met chocoladeliefhebbers in je gezelschap, hoef je niet te twijfelen. Aan Cubesse met cacao kan niemand weerstaan. De combinatie met onze romige kaas zal je verbazen en tegelijk aangenaam verrassen. Zoet zondigen en aperitieven tegelijk? Of nagenieten als dessert? Daar zeggen we geen &#8220;neen&#8221; tegen. Jij toch ook niet?<\/p>","protected":false},"excerpt":{"rendered":"<p>Romige kaas met cacao Cubesse ziet er niet alleen uit zoals een chocoladereep, met het cacaolaagje smaakt het ook zo. Smelt jij er ook helemaal voor? &nbsp; Met chocoladeliefhebbers in je gezelschap, hoef je niet te twijfelen. Aan Cubesse met cacao kan niemand weerstaan. De combinatie met onze romige kaas zal je verbazen en tegelijk&hellip;<\/p>","protected":false},"author":2,"featured_media":0,"parent":0,"menu_order":0,"comment_status":"closed","ping_status":"closed","template":"","meta":{"_seopress_robots_primary_cat":"","_seopress_titles_title":"","_seopress_titles_desc":"","_seopress_robots_index":"","footnotes":""},"class_list":["post-192","page","type-page","status-publish","hentry"],"yoast_head":"<!-- This site is optimized with the Yoast SEO plugin v27.4 - https:\/\/yoast.com\/product\/yoast-seo-wordpress\/ -->\n<title>Romige kaas met chocolade - Cubesse<\/title>\n<meta name=\"robots\" content=\"index, follow, max-snippet:-1, max-image-preview:large, max-video-preview:-1\" \/>\n<link rel=\"canonical\" href=\"https:\/\/cubesse.be\/fr\/romige-kaas-met-chocolade\/\" \/>\n<meta property=\"og:locale\" content=\"fr_FR\" \/>\n<meta property=\"og:type\" content=\"article\" \/>\n<meta property=\"og:title\" content=\"Romige kaas met chocolade - Cubesse\" \/>\n<meta property=\"og:description\" content=\"Romige kaas met cacao Cubesse ziet er niet alleen uit zoals een chocoladereep, met het cacaolaagje smaakt het ook zo. Smelt jij er ook helemaal voor? &nbsp; Met chocoladeliefhebbers in je gezelschap, hoef je niet te twijfelen. Aan Cubesse met cacao kan niemand weerstaan. De combinatie met onze romige kaas zal je verbazen en tegelijk&hellip;\" \/>\n<meta property=\"og:url\" content=\"https:\/\/cubesse.be\/fr\/romige-kaas-met-chocolade\/\" \/>\n<meta property=\"og:site_name\" content=\"Cubesse\" \/>\n<meta property=\"article:modified_time\" content=\"2020-12-23T15:12:08+00:00\" \/>\n<meta name=\"twitter:card\" content=\"summary_large_image\" \/>\n<script type=\"application\/ld+json\" class=\"yoast-schema-graph\">{\"@context\":\"https:\\\/\\\/schema.org\",\"@graph\":[{\"@type\":\"WebPage\",\"@id\":\"https:\\\/\\\/cubesse.be\\\/romige-kaas-met-chocolade\\\/\",\"url\":\"https:\\\/\\\/cubesse.be\\\/romige-kaas-met-chocolade\\\/\",\"name\":\"Romige kaas met chocolade - Cubesse\",\"isPartOf\":{\"@id\":\"https:\\\/\\\/cubesse.be\\\/#website\"},\"datePublished\":\"2019-12-17T21:20:10+00:00\",\"dateModified\":\"2020-12-23T15:12:08+00:00\",\"breadcrumb\":{\"@id\":\"https:\\\/\\\/cubesse.be\\\/romige-kaas-met-chocolade\\\/#breadcrumb\"},\"inLanguage\":\"fr-BE\",\"potentialAction\":[{\"@type\":\"ReadAction\",\"target\":[\"https:\\\/\\\/cubesse.be\\\/romige-kaas-met-chocolade\\\/\"]}]},{\"@type\":\"BreadcrumbList\",\"@id\":\"https:\\\/\\\/cubesse.be\\\/romige-kaas-met-chocolade\\\/#breadcrumb\",\"itemListElement\":[{\"@type\":\"ListItem\",\"position\":1,\"name\":\"Home\",\"item\":\"https:\\\/\\\/cubesse.be\\\/\"},{\"@type\":\"ListItem\",\"position\":2,\"name\":\"Romige kaas met chocolade\"}]},{\"@type\":\"WebSite\",\"@id\":\"https:\\\/\\\/cubesse.be\\\/#website\",\"url\":\"https:\\\/\\\/cubesse.be\\\/\",\"name\":\"Cubesse\",\"description\":\"Cubesse, een blokje om te delen\",\"potentialAction\":[{\"@type\":\"SearchAction\",\"target\":{\"@type\":\"EntryPoint\",\"urlTemplate\":\"https:\\\/\\\/cubesse.be\\\/?s={search_term_string}\"},\"query-input\":{\"@type\":\"PropertyValueSpecification\",\"valueRequired\":true,\"valueName\":\"search_term_string\"}}],\"inLanguage\":\"fr-BE\"}]}<\/script>\n<!-- \/ Yoast SEO plugin. -->","yoast_head_json":{"title":"Romige kaas met chocolade - Cubesse","robots":{"index":"index","follow":"follow","max-snippet":"max-snippet:-1","max-image-preview":"max-image-preview:large","max-video-preview":"max-video-preview:-1"},"canonical":"https:\/\/cubesse.be\/fr\/romige-kaas-met-chocolade\/","og_locale":"fr_FR","og_type":"article","og_title":"Romige kaas met chocolade - Cubesse","og_description":"Romige kaas met cacao Cubesse ziet er niet alleen uit zoals een chocoladereep, met het cacaolaagje smaakt het ook zo. Smelt jij er ook helemaal voor? &nbsp; Met chocoladeliefhebbers in je gezelschap, hoef je niet te twijfelen. Aan Cubesse met cacao kan niemand weerstaan. De combinatie met onze romige kaas zal je verbazen en tegelijk&hellip;","og_url":"https:\/\/cubesse.be\/fr\/romige-kaas-met-chocolade\/","og_site_name":"Cubesse","article_modified_time":"2020-12-23T15:12:08+00:00","twitter_card":"summary_large_image","schema":{"@context":"https:\/\/schema.org","@graph":[{"@type":"WebPage","@id":"https:\/\/cubesse.be\/romige-kaas-met-chocolade\/","url":"https:\/\/cubesse.be\/romige-kaas-met-chocolade\/","name":"Romige kaas met chocolade - Cubesse","isPartOf":{"@id":"https:\/\/cubesse.be\/#website"},"datePublished":"2019-12-17T21:20:10+00:00","dateModified":"2020-12-23T15:12:08+00:00","breadcrumb":{"@id":"https:\/\/cubesse.be\/romige-kaas-met-chocolade\/#breadcrumb"},"inLanguage":"fr-BE","potentialAction":[{"@type":"ReadAction","target":["https:\/\/cubesse.be\/romige-kaas-met-chocolade\/"]}]},{"@type":"BreadcrumbList","@id":"https:\/\/cubesse.be\/romige-kaas-met-chocolade\/#breadcrumb","itemListElement":[{"@type":"ListItem","position":1,"name":"Home","item":"https:\/\/cubesse.be\/"},{"@type":"ListItem","position":2,"name":"Romige kaas met chocolade"}]},{"@type":"WebSite","@id":"https:\/\/cubesse.be\/#website","url":"https:\/\/cubesse.be\/","name":"Cubesse","description":"Cubesse, een blokje om te delen","potentialAction":[{"@type":"SearchAction","target":{"@type":"EntryPoint","urlTemplate":"https:\/\/cubesse.be\/?s={search_term_string}"},"query-input":{"@type":"PropertyValueSpecification","valueRequired":true,"valueName":"search_term_string"}}],"inLanguage":"fr-BE"}]}},"_links":{"self":[{"href":"https:\/\/cubesse.be\/fr\/wp-json\/wp\/v2\/pages\/192","targetHints":{"allow":["GET"]}}],"collection":[{"href":"https:\/\/cubesse.be\/fr\/wp-json\/wp\/v2\/pages"}],"about":[{"href":"https:\/\/cubesse.be\/fr\/wp-json\/wp\/v2\/types\/page"}],"author":[{"embeddable":true,"href":"https:\/\/cubesse.be\/fr\/wp-json\/wp\/v2\/users\/2"}],"replies":[{"embeddable":true,"href":"https:\/\/cubesse.be\/fr\/wp-json\/wp\/v2\/comments?post=192"}],"version-history":[{"count":0,"href":"https:\/\/cubesse.be\/fr\/wp-json\/wp\/v2\/pages\/192\/revisions"}],"wp:attachment":[{"href":"https:\/\/cubesse.be\/fr\/wp-json\/wp\/v2\/media?parent=192"}],"curies":[{"name":"wp","href":"https:\/\/api.w.org\/{rel}","templated":true}]}}