{"id":89,"date":"2019-11-14T22:12:39","date_gmt":"2019-11-14T22:12:39","guid":{"rendered":"http:\/\/cubesse.be\/?page_id=89"},"modified":"2021-03-01T16:33:41","modified_gmt":"2021-03-01T16:33:41","slug":"welkom","status":"publish","type":"page","link":"https:\/\/cubesse.be\/de\/","title":{"rendered":"cubesse, a fancy aperitive"},"content":{"rendered":"<h2>\n\t\tK\u00e4sew\u00fcrfel f\u00fcr den gemeinsamen Genuss\n\t<\/h2>\n\t<p class=\"translation-block\">Cubesse ist bei jedem geselligen Beisammensein Ihr Trumpf im \u00c4rmel. Genie\u00dfen Sie zum <strong>Aperitif leckere H\u00e4ppchen und Tapas<\/strong> in netter Gesellschaft. Oder g\u00f6nnen Sie sich <strong>Cubesse als Dessert.<\/strong>  Cubesse zaubern Sie im Handumdrehen auf den Tisch. Einfach entlang der Linien schneiden und achtzehn k\u00f6stliche K\u00e4sew\u00fcrfel mit allen teilen, die Sie verw\u00f6hnen m\u00f6chten.<\/p>\n\t<h1>Cremiger K\u00e4se von Cubesse<\/h1>\n\t<p>Cubesse steht f\u00fcr cremigen K\u00e4se mit einem leckeren \u00dcberzug. Lassen Sie sich von unseren verschiedenen Geschmacksrichtungen \u00fcberraschen.<\/p>\n            <a href=\"https:\/\/cubesse.be\/de\/romige-kaas-met-ui\/\" target=\"_self\" rel=\"noopener\">\n                            <h1>Cremiger K\u00e4se mit Zwiebel<\/h1>\n                            <h2>Der intensive Zwiebelgeschmack wird durch den cremigen Cubesse-K\u00e4se abgemildert. Oder was halten Sie von dieser Variante mit Ziegenk\u00e4se?<\/h2>\n\t\t\t\t                    <img decoding=\"async\" data-src=\"https:\/\/cubesse.be\/wp-content\/uploads\/2019\/12\/ui_Cubesse-361-scaled.jpg\" width=\"150\" height=\"150\" src=\"data:image\/svg+xml;base64,PHN2ZyB3aWR0aD0iMSIgaGVpZ2h0PSIxIiB4bWxucz0iaHR0cDovL3d3dy53My5vcmcvMjAwMC9zdmciPjwvc3ZnPg==\" class=\"lazyload\" style=\"--smush-placeholder-width: 150px; --smush-placeholder-aspect-ratio: 150\/150;\">\n\t\t\t\t            <\/a>\n            <a href=\"https:\/\/cubesse.be\/de\/romige-kaas-met-rode-ui\/\" target=\"_self\" rel=\"noopener\">\n                            <h1>Cremiger K\u00e4se mit roter Zwiebel und Himbeere<\/h1>\n                            <h2>Eine verbl\u00fcffende Kombination, mit der Sie garantiert punkten. <\/h2>\n\t\t\t\t                    <img decoding=\"async\" data-src=\"https:\/\/cubesse.be\/wp-content\/uploads\/2020\/12\/Cubesse-275.jpg\" width=\"150\" height=\"150\" src=\"data:image\/svg+xml;base64,PHN2ZyB3aWR0aD0iMSIgaGVpZ2h0PSIxIiB4bWxucz0iaHR0cDovL3d3dy53My5vcmcvMjAwMC9zdmciPjwvc3ZnPg==\" class=\"lazyload\" style=\"--smush-placeholder-width: 150px; --smush-placeholder-aspect-ratio: 150\/150;\">\n\t\t\t\t            <\/a>\n            <a href=\"https:\/\/cubesse.be\/de\/romige-kaas-met-vijgen\/\" target=\"_self\" rel=\"noopener\">\n                            <h1>Cremiger K\u00e4se mit Feigen<\/h1>\n                            <h2>Ein bisschen s\u00fc\u00df, ein bisschen fruchtig \u2013 das ist Cubesse mit Feigen. Diese Variante passt hervorragend zu einem s\u00fc\u00dfen Getr\u00e4nk.<\/h2>\n\t\t\t\t                    <img decoding=\"async\" data-src=\"https:\/\/cubesse.be\/wp-content\/uploads\/2020\/12\/Cubesse-072-1024x683-2.jpg\" width=\"150\" height=\"150\" src=\"data:image\/svg+xml;base64,PHN2ZyB3aWR0aD0iMSIgaGVpZ2h0PSIxIiB4bWxucz0iaHR0cDovL3d3dy53My5vcmcvMjAwMC9zdmciPjwvc3ZnPg==\" class=\"lazyload\" style=\"--smush-placeholder-width: 150px; --smush-placeholder-aspect-ratio: 150\/150;\">\n\t\t\t\t            <\/a>\n            <a href=\"https:\/\/cubesse.be\/de\/romige-kaas-met-sinaasappel\/\" target=\"_self\" rel=\"noopener\">\n                            <h1>Cremiger K\u00e4se mit Orange<\/h1>\n                            <h2>Cremiger K\u00e4se mit dem s\u00fc\u00dfsauren Geschmack von Orange. Hauchd\u00fcnne Orangenschale verleiht dem Ganzen eine leicht bitterere Note.<\/h2>\n\t\t\t\t                    <img decoding=\"async\" data-src=\"https:\/\/cubesse.be\/wp-content\/uploads\/2020\/12\/Cubesse-094-1024x683-1.jpg\" width=\"150\" height=\"150\" src=\"data:image\/svg+xml;base64,PHN2ZyB3aWR0aD0iMSIgaGVpZ2h0PSIxIiB4bWxucz0iaHR0cDovL3d3dy53My5vcmcvMjAwMC9zdmciPjwvc3ZnPg==\" class=\"lazyload\" style=\"--smush-placeholder-width: 150px; --smush-placeholder-aspect-ratio: 150\/150;\">\n\t\t\t\t            <\/a>\n            <a href=\"https:\/\/cubesse.be\/de\/romige-kaas-met-honing\/\" target=\"_self\" rel=\"noopener\">\n                            <h1>Cremiger K\u00e4se mit Honig<\/h1>\n                            <h2>Die s\u00fc\u00df-leichte Kombination aus Honig und K\u00e4se schmeckt einfach jedem. Eine sanfte Mischung, die den Appetit anregt.<\/h2>\n\t\t\t\t                    <img decoding=\"async\" data-src=\"https:\/\/cubesse.be\/wp-content\/uploads\/2020\/12\/Cubesse-176.jpg\" width=\"150\" height=\"150\" src=\"data:image\/svg+xml;base64,PHN2ZyB3aWR0aD0iMSIgaGVpZ2h0PSIxIiB4bWxucz0iaHR0cDovL3d3dy53My5vcmcvMjAwMC9zdmciPjwvc3ZnPg==\" class=\"lazyload\" style=\"--smush-placeholder-width: 150px; --smush-placeholder-aspect-ratio: 150\/150;\">\n\t\t\t\t            <\/a>\n            <a href=\"https:\/\/cubesse.be\/de\/romige-kaas-met-chocolade\/\" target=\"_self\" rel=\"noopener\">\n                            <h1>cremiger K\u00e4se mit Kakao<\/h1>\n                            <h2>Cubesse sieht nicht nur aus wie ein Schokoriegel, mit der Kakaoschicht schmeckt er auch so. Schmelzen Sie bis zum Anschlag?<\/h2>\n\t\t\t\t                    <img decoding=\"async\" data-src=\"https:\/\/cubesse.be\/wp-content\/uploads\/2020\/12\/Cubesse-246.jpg\" width=\"150\" height=\"150\" src=\"data:image\/svg+xml;base64,PHN2ZyB3aWR0aD0iMSIgaGVpZ2h0PSIxIiB4bWxucz0iaHR0cDovL3d3dy53My5vcmcvMjAwMC9zdmciPjwvc3ZnPg==\" class=\"lazyload\" style=\"--smush-placeholder-width: 150px; --smush-placeholder-aspect-ratio: 150\/150;\">\n\t\t\t\t            <\/a>\n            <a href=\"https:\/\/cubesse.be\/de\/romige-kaas-met-koffie\/\" target=\"_self\" rel=\"noopener\">\n                            <h1>Cremiger K\u00e4se mit Kaffee<\/h1>\n                            <h2>K\u00e4se und Kaffee? Nat\u00fcrlich. Der leicht bittere Geschmack in Kombination mit zartem K\u00e4se wird Ihre Geschmackssinne erobern.<\/h2>\n\t\t\t\t                    <img decoding=\"async\" data-src=\"https:\/\/cubesse.be\/wp-content\/uploads\/2019\/11\/Cubesse-211.jpg\" width=\"\" height=\"\" src=\"data:image\/svg+xml;base64,PHN2ZyB3aWR0aD0iMSIgaGVpZ2h0PSIxIiB4bWxucz0iaHR0cDovL3d3dy53My5vcmcvMjAwMC9zdmciPjwvc3ZnPg==\" class=\"lazyload\" style=\"--smush-placeholder-width: 8256px; --smush-placeholder-aspect-ratio: 8256\/5504;\">\n\t\t\t\t            <\/a>\n            <a href=\"https:\/\/cubesse.be\/de\/romige-kaas-met-gedroogde-tomaten\/\" target=\"_self\" rel=\"noopener\">\n                            <h1>Cremiger K\u00e4se mit getrockneten Tomaten<\/h1>\n                            <h2>Servieren Sie einen italienischen Aperitif oder Wein? Dann ist diese Variante mit getrockneten Tomaten die perfekte Erg\u00e4nzung.<\/h2>\n\t\t\t\t                    <img decoding=\"async\" data-src=\"https:\/\/cubesse.be\/wp-content\/uploads\/2020\/12\/Cubesse-256-1024x683-1.jpg\" width=\"150\" height=\"150\" src=\"data:image\/svg+xml;base64,PHN2ZyB3aWR0aD0iMSIgaGVpZ2h0PSIxIiB4bWxucz0iaHR0cDovL3d3dy53My5vcmcvMjAwMC9zdmciPjwvc3ZnPg==\" class=\"lazyload\" style=\"--smush-placeholder-width: 150px; --smush-placeholder-aspect-ratio: 150\/150;\">\n\t\t\t\t            <\/a>\n            <a href=\"https:\/\/cubesse.be\/de\/romige-kaas-met-appel-en-kaneel\/\" target=\"_self\" rel=\"noopener\">\n                            <h1>Cremiger K\u00e4se mit Apfel und Zimt<\/h1>\n                            <h2>Die Mischung aus Apfel und Zimt verspr\u00fcht einen Hauch von Winter. <\/h2>\n\t\t\t\t                    <img decoding=\"async\" data-src=\"https:\/\/cubesse.be\/wp-content\/uploads\/2020\/01\/Cubesse-567-scaled.jpg\" width=\"150\" height=\"150\" src=\"data:image\/svg+xml;base64,PHN2ZyB3aWR0aD0iMSIgaGVpZ2h0PSIxIiB4bWxucz0iaHR0cDovL3d3dy53My5vcmcvMjAwMC9zdmciPjwvc3ZnPg==\" class=\"lazyload\" style=\"--smush-placeholder-width: 150px; --smush-placeholder-aspect-ratio: 150\/150;\">\n\t\t\t\t            <\/a>\n<p>With the support of:<\/p>\n\t\t\t\t<img decoding=\"async\" data-src=\"https:\/\/cubesse.be\/wp-content\/uploads\/2020\/02\/fit-300x131.gif\" alt=\"fit\" itemprop=\"image\" height=\"131\" width=\"300\" title=\"fit\" onerror=\"this.style.display='none'\" src=\"data:image\/svg+xml;base64,PHN2ZyB3aWR0aD0iMSIgaGVpZ2h0PSIxIiB4bWxucz0iaHR0cDovL3d3dy53My5vcmcvMjAwMC9zdmciPjwvc3ZnPg==\" class=\"lazyload\" style=\"--smush-placeholder-width: 300px; --smush-placeholder-aspect-ratio: 300\/131;\">","protected":false},"excerpt":{"rendered":"<p>Een blokje om te delen Cubesse is jouw partner in crime voor ieder fijn samenzijn. Voor een aperitief met hapjes en tapas waarbij je geniet van elkaars gezelschap en lekker eten. Of geniet van Cubesse als dessert. Cubesse tover je in een handomdraai op tafel. Je snijdt op de lijnen en krijgt achttien heerlijke blokjes&hellip;<\/p>","protected":false},"author":1,"featured_media":0,"parent":0,"menu_order":0,"comment_status":"closed","ping_status":"closed","template":"","meta":{"_seopress_robots_primary_cat":"","_seopress_titles_title":"","_seopress_titles_desc":"","_seopress_robots_index":"","footnotes":""},"class_list":["post-89","page","type-page","status-publish","hentry"],"yoast_head":"<!-- This site is optimized with the Yoast SEO plugin v27.3 - https:\/\/yoast.com\/product\/yoast-seo-wordpress\/ -->\n<title>cubesse, a fancy aperitive - Cubesse<\/title>\n<meta name=\"robots\" content=\"index, follow, max-snippet:-1, max-image-preview:large, max-video-preview:-1\" \/>\n<link rel=\"canonical\" href=\"https:\/\/cubesse.be\/de\/\" \/>\n<meta property=\"og:locale\" content=\"de_DE\" \/>\n<meta property=\"og:type\" content=\"article\" \/>\n<meta property=\"og:title\" content=\"cubesse, a fancy aperitive - Cubesse\" \/>\n<meta property=\"og:description\" content=\"Een blokje om te delen Cubesse is jouw partner in crime voor ieder fijn samenzijn. Voor een aperitief met hapjes en tapas waarbij je geniet van elkaars gezelschap en lekker eten. Of geniet van Cubesse als dessert. Cubesse tover je in een handomdraai op tafel. Je snijdt op de lijnen en krijgt achttien heerlijke blokjes&hellip;\" \/>\n<meta property=\"og:url\" content=\"https:\/\/cubesse.be\/de\/\" \/>\n<meta property=\"og:site_name\" content=\"Cubesse\" \/>\n<meta property=\"article:modified_time\" content=\"2021-03-01T16:33:41+00:00\" \/>\n<meta property=\"og:image\" content=\"https:\/\/cubesse.be\/wp-content\/uploads\/2019\/12\/ui_Cubesse-361-scaled.jpg\" \/>\n<meta name=\"twitter:card\" content=\"summary_large_image\" \/>\n<meta name=\"twitter:label1\" content=\"Gesch\u00e4tzte Lesezeit\" \/>\n\t<meta name=\"twitter:data1\" content=\"4\u00a0Minuten\" \/>\n<script type=\"application\/ld+json\" class=\"yoast-schema-graph\">{\"@context\":\"https:\\\/\\\/schema.org\",\"@graph\":[{\"@type\":\"WebPage\",\"@id\":\"https:\\\/\\\/cubesse.be\\\/\",\"url\":\"https:\\\/\\\/cubesse.be\\\/\",\"name\":\"cubesse, a fancy aperitive - Cubesse\",\"isPartOf\":{\"@id\":\"https:\\\/\\\/cubesse.be\\\/#website\"},\"primaryImageOfPage\":{\"@id\":\"https:\\\/\\\/cubesse.be\\\/#primaryimage\"},\"image\":{\"@id\":\"https:\\\/\\\/cubesse.be\\\/#primaryimage\"},\"thumbnailUrl\":\"https:\\\/\\\/cubesse.be\\\/wp-content\\\/uploads\\\/2019\\\/12\\\/ui_Cubesse-361-scaled.jpg\",\"datePublished\":\"2019-11-14T22:12:39+00:00\",\"dateModified\":\"2021-03-01T16:33:41+00:00\",\"breadcrumb\":{\"@id\":\"https:\\\/\\\/cubesse.be\\\/#breadcrumb\"},\"inLanguage\":\"de\",\"potentialAction\":[{\"@type\":\"ReadAction\",\"target\":[\"https:\\\/\\\/cubesse.be\\\/\"]}]},{\"@type\":\"ImageObject\",\"inLanguage\":\"de\",\"@id\":\"https:\\\/\\\/cubesse.be\\\/#primaryimage\",\"url\":\"https:\\\/\\\/cubesse.be\\\/wp-content\\\/uploads\\\/2019\\\/12\\\/ui_Cubesse-361-scaled.jpg\",\"contentUrl\":\"https:\\\/\\\/cubesse.be\\\/wp-content\\\/uploads\\\/2019\\\/12\\\/ui_Cubesse-361-scaled.jpg\"},{\"@type\":\"BreadcrumbList\",\"@id\":\"https:\\\/\\\/cubesse.be\\\/#breadcrumb\",\"itemListElement\":[{\"@type\":\"ListItem\",\"position\":1,\"name\":\"Home\",\"item\":\"https:\\\/\\\/cubesse.be\\\/\"},{\"@type\":\"ListItem\",\"position\":2,\"name\":\"cubesse, a fancy aperitive\"}]},{\"@type\":\"WebSite\",\"@id\":\"https:\\\/\\\/cubesse.be\\\/#website\",\"url\":\"https:\\\/\\\/cubesse.be\\\/\",\"name\":\"Cubesse\",\"description\":\"Cubesse, een blokje om te delen\",\"potentialAction\":[{\"@type\":\"SearchAction\",\"target\":{\"@type\":\"EntryPoint\",\"urlTemplate\":\"https:\\\/\\\/cubesse.be\\\/?s={search_term_string}\"},\"query-input\":{\"@type\":\"PropertyValueSpecification\",\"valueRequired\":true,\"valueName\":\"search_term_string\"}}],\"inLanguage\":\"de\"}]}<\/script>\n<!-- \/ Yoast SEO plugin. -->","yoast_head_json":{"title":"cubesse, a fancy aperitive - Cubesse","robots":{"index":"index","follow":"follow","max-snippet":"max-snippet:-1","max-image-preview":"max-image-preview:large","max-video-preview":"max-video-preview:-1"},"canonical":"https:\/\/cubesse.be\/de\/","og_locale":"de_DE","og_type":"article","og_title":"cubesse, a fancy aperitive - Cubesse","og_description":"Een blokje om te delen Cubesse is jouw partner in crime voor ieder fijn samenzijn. Voor een aperitief met hapjes en tapas waarbij je geniet van elkaars gezelschap en lekker eten. Of geniet van Cubesse als dessert. Cubesse tover je in een handomdraai op tafel. Je snijdt op de lijnen en krijgt achttien heerlijke blokjes&hellip;","og_url":"https:\/\/cubesse.be\/de\/","og_site_name":"Cubesse","article_modified_time":"2021-03-01T16:33:41+00:00","og_image":[{"url":"https:\/\/cubesse.be\/wp-content\/uploads\/2019\/12\/ui_Cubesse-361-scaled.jpg","type":"","width":"","height":""}],"twitter_card":"summary_large_image","twitter_misc":{"Gesch\u00e4tzte Lesezeit":"4\u00a0Minuten"},"schema":{"@context":"https:\/\/schema.org","@graph":[{"@type":"WebPage","@id":"https:\/\/cubesse.be\/","url":"https:\/\/cubesse.be\/","name":"cubesse, a fancy aperitive - Cubesse","isPartOf":{"@id":"https:\/\/cubesse.be\/#website"},"primaryImageOfPage":{"@id":"https:\/\/cubesse.be\/#primaryimage"},"image":{"@id":"https:\/\/cubesse.be\/#primaryimage"},"thumbnailUrl":"https:\/\/cubesse.be\/wp-content\/uploads\/2019\/12\/ui_Cubesse-361-scaled.jpg","datePublished":"2019-11-14T22:12:39+00:00","dateModified":"2021-03-01T16:33:41+00:00","breadcrumb":{"@id":"https:\/\/cubesse.be\/#breadcrumb"},"inLanguage":"de","potentialAction":[{"@type":"ReadAction","target":["https:\/\/cubesse.be\/"]}]},{"@type":"ImageObject","inLanguage":"de","@id":"https:\/\/cubesse.be\/#primaryimage","url":"https:\/\/cubesse.be\/wp-content\/uploads\/2019\/12\/ui_Cubesse-361-scaled.jpg","contentUrl":"https:\/\/cubesse.be\/wp-content\/uploads\/2019\/12\/ui_Cubesse-361-scaled.jpg"},{"@type":"BreadcrumbList","@id":"https:\/\/cubesse.be\/#breadcrumb","itemListElement":[{"@type":"ListItem","position":1,"name":"Home","item":"https:\/\/cubesse.be\/"},{"@type":"ListItem","position":2,"name":"cubesse, a fancy aperitive"}]},{"@type":"WebSite","@id":"https:\/\/cubesse.be\/#website","url":"https:\/\/cubesse.be\/","name":"Cubesse","description":"Cubesse, een blokje om te delen","potentialAction":[{"@type":"SearchAction","target":{"@type":"EntryPoint","urlTemplate":"https:\/\/cubesse.be\/?s={search_term_string}"},"query-input":{"@type":"PropertyValueSpecification","valueRequired":true,"valueName":"search_term_string"}}],"inLanguage":"de"}]}},"_links":{"self":[{"href":"https:\/\/cubesse.be\/de\/wp-json\/wp\/v2\/pages\/89","targetHints":{"allow":["GET"]}}],"collection":[{"href":"https:\/\/cubesse.be\/de\/wp-json\/wp\/v2\/pages"}],"about":[{"href":"https:\/\/cubesse.be\/de\/wp-json\/wp\/v2\/types\/page"}],"author":[{"embeddable":true,"href":"https:\/\/cubesse.be\/de\/wp-json\/wp\/v2\/users\/1"}],"replies":[{"embeddable":true,"href":"https:\/\/cubesse.be\/de\/wp-json\/wp\/v2\/comments?post=89"}],"version-history":[{"count":0,"href":"https:\/\/cubesse.be\/de\/wp-json\/wp\/v2\/pages\/89\/revisions"}],"wp:attachment":[{"href":"https:\/\/cubesse.be\/de\/wp-json\/wp\/v2\/media?parent=89"}],"curies":[{"name":"wp","href":"https:\/\/api.w.org\/{rel}","templated":true}]}}