{"id":436,"date":"2020-01-06T23:49:28","date_gmt":"2020-01-06T23:49:28","guid":{"rendered":"http:\/\/cubesse.be\/?page_id=436"},"modified":"2020-01-22T16:55:54","modified_gmt":"2020-01-22T16:55:54","slug":"romige-kaas-met-appel-en-kaneel","status":"publish","type":"page","link":"https:\/\/cubesse.be\/de\/romige-kaas-met-appel-en-kaneel\/","title":{"rendered":"Cremiger K\u00e4se mit Apfel und Zimt"},"content":{"rendered":"<h2>\n\t\tCremiger K\u00e4se mit Apfel und Zimt\n\t<\/h2>\n\t<h2>Die Mischung aus Apfel und Zimt verspr\u00fcht einen Hauch von Winter. Diese perfekte Kombination, die oft f\u00fcr Desserts gew\u00e4hlt wird, kann dank Cubesse jetzt auch als Appetith\u00e4ppchen serviert werden. Und warum nicht schon im Sommer? Zum Aperitif oder als leckerer Nachtisch.<\/h2>\n<p>Cubesse empfiehlt zu dieser Variante ein w\u00fcrziges Getr\u00e4nk. Der cremige K\u00e4se vermischt sich mit Apfel und einem Hauch von Zimt zu einer echten Geschmacksexplosion!<\/p>","protected":false},"excerpt":{"rendered":"<p>Romige kaas met appel en kaneel De mix van appel en kaneel brengt je meteen in winterse sferen. Vaak wordt het geassocieerd met dessertjes, maar dankzij Cubbese kan je deze topcombinatie al perfect brengen als appetizer bij het aperitief. Waarom zelfs niet in de zomermaanden? Als aperitief of heerlijk dessert. Bij Cubesse serveren we graag&hellip;<\/p>","protected":false},"author":2,"featured_media":0,"parent":0,"menu_order":0,"comment_status":"closed","ping_status":"closed","template":"","meta":{"_seopress_robots_primary_cat":"","_seopress_titles_title":"","_seopress_titles_desc":"","_seopress_robots_index":"","footnotes":""},"class_list":["post-436","page","type-page","status-publish","hentry"],"yoast_head":"<!-- This site is optimized with the Yoast SEO plugin v27.3 - https:\/\/yoast.com\/product\/yoast-seo-wordpress\/ -->\n<title>Romige kaas met appel en kaneel - Cubesse<\/title>\n<meta name=\"robots\" content=\"index, follow, max-snippet:-1, max-image-preview:large, max-video-preview:-1\" \/>\n<link rel=\"canonical\" href=\"https:\/\/cubesse.be\/de\/romige-kaas-met-appel-en-kaneel\/\" \/>\n<meta property=\"og:locale\" content=\"de_DE\" \/>\n<meta property=\"og:type\" content=\"article\" \/>\n<meta property=\"og:title\" content=\"Romige kaas met appel en kaneel - Cubesse\" \/>\n<meta property=\"og:description\" content=\"Romige kaas met appel en kaneel De mix van appel en kaneel brengt je meteen in winterse sferen. Vaak wordt het geassocieerd met dessertjes, maar dankzij Cubbese kan je deze topcombinatie al perfect brengen als appetizer bij het aperitief. Waarom zelfs niet in de zomermaanden? Als aperitief of heerlijk dessert. Bij Cubesse serveren we graag&hellip;\" \/>\n<meta property=\"og:url\" content=\"https:\/\/cubesse.be\/de\/romige-kaas-met-appel-en-kaneel\/\" \/>\n<meta property=\"og:site_name\" content=\"Cubesse\" \/>\n<meta property=\"article:modified_time\" content=\"2020-01-22T16:55:54+00:00\" \/>\n<meta name=\"twitter:card\" content=\"summary_large_image\" \/>\n<script type=\"application\/ld+json\" class=\"yoast-schema-graph\">{\"@context\":\"https:\\\/\\\/schema.org\",\"@graph\":[{\"@type\":\"WebPage\",\"@id\":\"https:\\\/\\\/cubesse.be\\\/fr\\\/romige-kaas-met-appel-en-kaneel\\\/\",\"url\":\"https:\\\/\\\/cubesse.be\\\/fr\\\/romige-kaas-met-appel-en-kaneel\\\/\",\"name\":\"Romige kaas met appel en kaneel - Cubesse\",\"isPartOf\":{\"@id\":\"https:\\\/\\\/cubesse.be\\\/#website\"},\"datePublished\":\"2020-01-06T23:49:28+00:00\",\"dateModified\":\"2020-01-22T16:55:54+00:00\",\"breadcrumb\":{\"@id\":\"https:\\\/\\\/cubesse.be\\\/fr\\\/romige-kaas-met-appel-en-kaneel\\\/#breadcrumb\"},\"inLanguage\":\"de\",\"potentialAction\":[{\"@type\":\"ReadAction\",\"target\":[\"https:\\\/\\\/cubesse.be\\\/fr\\\/romige-kaas-met-appel-en-kaneel\\\/\"]}]},{\"@type\":\"BreadcrumbList\",\"@id\":\"https:\\\/\\\/cubesse.be\\\/fr\\\/romige-kaas-met-appel-en-kaneel\\\/#breadcrumb\",\"itemListElement\":[{\"@type\":\"ListItem\",\"position\":1,\"name\":\"Home\",\"item\":\"https:\\\/\\\/cubesse.be\\\/\"},{\"@type\":\"ListItem\",\"position\":2,\"name\":\"Romige kaas met appel en kaneel\"}]},{\"@type\":\"WebSite\",\"@id\":\"https:\\\/\\\/cubesse.be\\\/#website\",\"url\":\"https:\\\/\\\/cubesse.be\\\/\",\"name\":\"Cubesse\",\"description\":\"Cubesse, een blokje om te delen\",\"potentialAction\":[{\"@type\":\"SearchAction\",\"target\":{\"@type\":\"EntryPoint\",\"urlTemplate\":\"https:\\\/\\\/cubesse.be\\\/?s={search_term_string}\"},\"query-input\":{\"@type\":\"PropertyValueSpecification\",\"valueRequired\":true,\"valueName\":\"search_term_string\"}}],\"inLanguage\":\"de\"}]}<\/script>\n<!-- \/ Yoast SEO plugin. -->","yoast_head_json":{"title":"Romige kaas met appel en kaneel - Cubesse","robots":{"index":"index","follow":"follow","max-snippet":"max-snippet:-1","max-image-preview":"max-image-preview:large","max-video-preview":"max-video-preview:-1"},"canonical":"https:\/\/cubesse.be\/de\/romige-kaas-met-appel-en-kaneel\/","og_locale":"de_DE","og_type":"article","og_title":"Romige kaas met appel en kaneel - Cubesse","og_description":"Romige kaas met appel en kaneel De mix van appel en kaneel brengt je meteen in winterse sferen. Vaak wordt het geassocieerd met dessertjes, maar dankzij Cubbese kan je deze topcombinatie al perfect brengen als appetizer bij het aperitief. Waarom zelfs niet in de zomermaanden? Als aperitief of heerlijk dessert. Bij Cubesse serveren we graag&hellip;","og_url":"https:\/\/cubesse.be\/de\/romige-kaas-met-appel-en-kaneel\/","og_site_name":"Cubesse","article_modified_time":"2020-01-22T16:55:54+00:00","twitter_card":"summary_large_image","schema":{"@context":"https:\/\/schema.org","@graph":[{"@type":"WebPage","@id":"https:\/\/cubesse.be\/fr\/romige-kaas-met-appel-en-kaneel\/","url":"https:\/\/cubesse.be\/fr\/romige-kaas-met-appel-en-kaneel\/","name":"Romige kaas met appel en kaneel - Cubesse","isPartOf":{"@id":"https:\/\/cubesse.be\/#website"},"datePublished":"2020-01-06T23:49:28+00:00","dateModified":"2020-01-22T16:55:54+00:00","breadcrumb":{"@id":"https:\/\/cubesse.be\/fr\/romige-kaas-met-appel-en-kaneel\/#breadcrumb"},"inLanguage":"de","potentialAction":[{"@type":"ReadAction","target":["https:\/\/cubesse.be\/fr\/romige-kaas-met-appel-en-kaneel\/"]}]},{"@type":"BreadcrumbList","@id":"https:\/\/cubesse.be\/fr\/romige-kaas-met-appel-en-kaneel\/#breadcrumb","itemListElement":[{"@type":"ListItem","position":1,"name":"Home","item":"https:\/\/cubesse.be\/"},{"@type":"ListItem","position":2,"name":"Romige kaas met appel en kaneel"}]},{"@type":"WebSite","@id":"https:\/\/cubesse.be\/#website","url":"https:\/\/cubesse.be\/","name":"Cubesse","description":"Cubesse, een blokje om te delen","potentialAction":[{"@type":"SearchAction","target":{"@type":"EntryPoint","urlTemplate":"https:\/\/cubesse.be\/?s={search_term_string}"},"query-input":{"@type":"PropertyValueSpecification","valueRequired":true,"valueName":"search_term_string"}}],"inLanguage":"de"}]}},"_links":{"self":[{"href":"https:\/\/cubesse.be\/de\/wp-json\/wp\/v2\/pages\/436","targetHints":{"allow":["GET"]}}],"collection":[{"href":"https:\/\/cubesse.be\/de\/wp-json\/wp\/v2\/pages"}],"about":[{"href":"https:\/\/cubesse.be\/de\/wp-json\/wp\/v2\/types\/page"}],"author":[{"embeddable":true,"href":"https:\/\/cubesse.be\/de\/wp-json\/wp\/v2\/users\/2"}],"replies":[{"embeddable":true,"href":"https:\/\/cubesse.be\/de\/wp-json\/wp\/v2\/comments?post=436"}],"version-history":[{"count":0,"href":"https:\/\/cubesse.be\/de\/wp-json\/wp\/v2\/pages\/436\/revisions"}],"wp:attachment":[{"href":"https:\/\/cubesse.be\/de\/wp-json\/wp\/v2\/media?parent=436"}],"curies":[{"name":"wp","href":"https:\/\/api.w.org\/{rel}","templated":true}]}}