{"id":313,"date":"2020-01-06T10:43:47","date_gmt":"2020-01-06T10:43:47","guid":{"rendered":"http:\/\/cubesse.be\/?page_id=313"},"modified":"2020-01-22T17:07:54","modified_gmt":"2020-01-22T17:07:54","slug":"romige-kaas-met-rode-ui","status":"publish","type":"page","link":"https:\/\/cubesse.be\/de\/romige-kaas-met-rode-ui\/","title":{"rendered":"Cremiger K\u00e4se mit roter Zwiebel und Himbeere"},"content":{"rendered":"<h2>\n\t\tCremiger K\u00e4se mit roter Zwiebel und Himbeere\n\t<\/h2>\n\t<h2>Eine verbl\u00fcffende Kombination, mit der Sie garantiert punkten. Die Mischung aus roter Zwiebel und Himbeere verw\u00f6hnt nicht nur das Auge, sondern auch den Gaumen. Alternativ mit Ziegenk\u00e4se erh\u00e4ltlich.<\/h2>\n<p>K\u00e4se, rote Zwiebel und Himbeere h\u00e4tten Sie selbst nicht kombiniert, oder? Zum Gl\u00fcck hatten wir diese Idee. Sie werden begeistert sein, denn diese s\u00fc\u00dfsaure Mischung ist ein echter Genuss.<\/p>","protected":false},"excerpt":{"rendered":"<p>Romige kaas met rode ui en framboos Een verrassende combinatie waar je gegarandeerd mee scoort. De mix van rode ui en framboos ziet er niet alleen mooi uit, ze smaakt nog eens goed ook. Ook verkrijgbaar met geitenkaas. Je zou er zelf niet aan denken om kaas, rode ui en framboos te combineren. Gelukkig deden&hellip;<\/p>","protected":false},"author":2,"featured_media":0,"parent":0,"menu_order":0,"comment_status":"closed","ping_status":"closed","template":"","meta":{"_seopress_robots_primary_cat":"","_seopress_titles_title":"","_seopress_titles_desc":"","_seopress_robots_index":"","footnotes":""},"class_list":["post-313","page","type-page","status-publish","hentry"],"yoast_head":"<!-- This site is optimized with the Yoast SEO plugin v27.4 - https:\/\/yoast.com\/product\/yoast-seo-wordpress\/ -->\n<title>Romige kaas met rode ui en framboos - Cubesse<\/title>\n<meta name=\"robots\" content=\"index, follow, max-snippet:-1, max-image-preview:large, max-video-preview:-1\" \/>\n<link rel=\"canonical\" href=\"https:\/\/cubesse.be\/de\/romige-kaas-met-rode-ui\/\" \/>\n<meta property=\"og:locale\" content=\"de_DE\" \/>\n<meta property=\"og:type\" content=\"article\" \/>\n<meta property=\"og:title\" content=\"Romige kaas met rode ui en framboos - Cubesse\" \/>\n<meta property=\"og:description\" content=\"Romige kaas met rode ui en framboos Een verrassende combinatie waar je gegarandeerd mee scoort. De mix van rode ui en framboos ziet er niet alleen mooi uit, ze smaakt nog eens goed ook. Ook verkrijgbaar met geitenkaas. Je zou er zelf niet aan denken om kaas, rode ui en framboos te combineren. Gelukkig deden&hellip;\" \/>\n<meta property=\"og:url\" content=\"https:\/\/cubesse.be\/de\/romige-kaas-met-rode-ui\/\" \/>\n<meta property=\"og:site_name\" content=\"Cubesse\" \/>\n<meta property=\"article:modified_time\" content=\"2020-01-22T17:07:54+00:00\" \/>\n<meta name=\"twitter:card\" content=\"summary_large_image\" \/>\n<script type=\"application\/ld+json\" class=\"yoast-schema-graph\">{\"@context\":\"https:\\\/\\\/schema.org\",\"@graph\":[{\"@type\":\"WebPage\",\"@id\":\"https:\\\/\\\/cubesse.be\\\/en\\\/romige-kaas-met-rode-ui\\\/\",\"url\":\"https:\\\/\\\/cubesse.be\\\/en\\\/romige-kaas-met-rode-ui\\\/\",\"name\":\"Romige kaas met rode ui en framboos - Cubesse\",\"isPartOf\":{\"@id\":\"https:\\\/\\\/cubesse.be\\\/#website\"},\"datePublished\":\"2020-01-06T10:43:47+00:00\",\"dateModified\":\"2020-01-22T17:07:54+00:00\",\"breadcrumb\":{\"@id\":\"https:\\\/\\\/cubesse.be\\\/en\\\/romige-kaas-met-rode-ui\\\/#breadcrumb\"},\"inLanguage\":\"de\",\"potentialAction\":[{\"@type\":\"ReadAction\",\"target\":[\"https:\\\/\\\/cubesse.be\\\/en\\\/romige-kaas-met-rode-ui\\\/\"]}]},{\"@type\":\"BreadcrumbList\",\"@id\":\"https:\\\/\\\/cubesse.be\\\/en\\\/romige-kaas-met-rode-ui\\\/#breadcrumb\",\"itemListElement\":[{\"@type\":\"ListItem\",\"position\":1,\"name\":\"Home\",\"item\":\"https:\\\/\\\/cubesse.be\\\/\"},{\"@type\":\"ListItem\",\"position\":2,\"name\":\"Romige kaas met rode ui en framboos\"}]},{\"@type\":\"WebSite\",\"@id\":\"https:\\\/\\\/cubesse.be\\\/#website\",\"url\":\"https:\\\/\\\/cubesse.be\\\/\",\"name\":\"Cubesse\",\"description\":\"Cubesse, een blokje om te delen\",\"potentialAction\":[{\"@type\":\"SearchAction\",\"target\":{\"@type\":\"EntryPoint\",\"urlTemplate\":\"https:\\\/\\\/cubesse.be\\\/?s={search_term_string}\"},\"query-input\":{\"@type\":\"PropertyValueSpecification\",\"valueRequired\":true,\"valueName\":\"search_term_string\"}}],\"inLanguage\":\"de\"}]}<\/script>\n<!-- \/ Yoast SEO plugin. -->","yoast_head_json":{"title":"Romige kaas met rode ui en framboos - Cubesse","robots":{"index":"index","follow":"follow","max-snippet":"max-snippet:-1","max-image-preview":"max-image-preview:large","max-video-preview":"max-video-preview:-1"},"canonical":"https:\/\/cubesse.be\/de\/romige-kaas-met-rode-ui\/","og_locale":"de_DE","og_type":"article","og_title":"Romige kaas met rode ui en framboos - Cubesse","og_description":"Romige kaas met rode ui en framboos Een verrassende combinatie waar je gegarandeerd mee scoort. De mix van rode ui en framboos ziet er niet alleen mooi uit, ze smaakt nog eens goed ook. Ook verkrijgbaar met geitenkaas. Je zou er zelf niet aan denken om kaas, rode ui en framboos te combineren. Gelukkig deden&hellip;","og_url":"https:\/\/cubesse.be\/de\/romige-kaas-met-rode-ui\/","og_site_name":"Cubesse","article_modified_time":"2020-01-22T17:07:54+00:00","twitter_card":"summary_large_image","schema":{"@context":"https:\/\/schema.org","@graph":[{"@type":"WebPage","@id":"https:\/\/cubesse.be\/en\/romige-kaas-met-rode-ui\/","url":"https:\/\/cubesse.be\/en\/romige-kaas-met-rode-ui\/","name":"Romige kaas met rode ui en framboos - Cubesse","isPartOf":{"@id":"https:\/\/cubesse.be\/#website"},"datePublished":"2020-01-06T10:43:47+00:00","dateModified":"2020-01-22T17:07:54+00:00","breadcrumb":{"@id":"https:\/\/cubesse.be\/en\/romige-kaas-met-rode-ui\/#breadcrumb"},"inLanguage":"de","potentialAction":[{"@type":"ReadAction","target":["https:\/\/cubesse.be\/en\/romige-kaas-met-rode-ui\/"]}]},{"@type":"BreadcrumbList","@id":"https:\/\/cubesse.be\/en\/romige-kaas-met-rode-ui\/#breadcrumb","itemListElement":[{"@type":"ListItem","position":1,"name":"Home","item":"https:\/\/cubesse.be\/"},{"@type":"ListItem","position":2,"name":"Romige kaas met rode ui en framboos"}]},{"@type":"WebSite","@id":"https:\/\/cubesse.be\/#website","url":"https:\/\/cubesse.be\/","name":"Cubesse","description":"Cubesse, een blokje om te delen","potentialAction":[{"@type":"SearchAction","target":{"@type":"EntryPoint","urlTemplate":"https:\/\/cubesse.be\/?s={search_term_string}"},"query-input":{"@type":"PropertyValueSpecification","valueRequired":true,"valueName":"search_term_string"}}],"inLanguage":"de"}]}},"_links":{"self":[{"href":"https:\/\/cubesse.be\/de\/wp-json\/wp\/v2\/pages\/313","targetHints":{"allow":["GET"]}}],"collection":[{"href":"https:\/\/cubesse.be\/de\/wp-json\/wp\/v2\/pages"}],"about":[{"href":"https:\/\/cubesse.be\/de\/wp-json\/wp\/v2\/types\/page"}],"author":[{"embeddable":true,"href":"https:\/\/cubesse.be\/de\/wp-json\/wp\/v2\/users\/2"}],"replies":[{"embeddable":true,"href":"https:\/\/cubesse.be\/de\/wp-json\/wp\/v2\/comments?post=313"}],"version-history":[{"count":0,"href":"https:\/\/cubesse.be\/de\/wp-json\/wp\/v2\/pages\/313\/revisions"}],"wp:attachment":[{"href":"https:\/\/cubesse.be\/de\/wp-json\/wp\/v2\/media?parent=313"}],"curies":[{"name":"wp","href":"https:\/\/api.w.org\/{rel}","templated":true}]}}