{"id":276,"date":"2019-12-30T15:57:32","date_gmt":"2019-12-30T15:57:32","guid":{"rendered":"http:\/\/cubesse.be\/?page_id=276"},"modified":"2020-01-22T17:07:04","modified_gmt":"2020-01-22T17:07:04","slug":"romige-kaas-met-sinaasappel","status":"publish","type":"page","link":"https:\/\/cubesse.be\/de\/romige-kaas-met-sinaasappel\/","title":{"rendered":"Cremiger K\u00e4se mit Orange"},"content":{"rendered":"<h2>\n\t\tCremiger K\u00e4se mit Orange\n\t<\/h2>\n\t<h2>Cremiger K\u00e4se mit dem s\u00fc\u00dfsauren Geschmack von Orange. Hauchd\u00fcnne Orangenschale verleiht dem Ganzen eine leicht bitterere Note.<\/h2>\n<p>Die Kombination aus K\u00e4se und Orange scheint ungew\u00f6hnlich, eignet sich aber perfekt als Appetith\u00e4ppchen. Die sanfte Geschmacksharmonie wird Ihre G\u00e4ste \u00fcberraschen. Wetten, dass sie schon nach der ersten Kostprobe in Lobeshymnen ausbrechen? Wir sind \u00fcberzeugt, dass diese Orangenvariante bei allen gut ankommt.<\/p>","protected":false},"excerpt":{"rendered":"<p>Romige kaas met sinaasappel Een romig kaasje overdekt met een zoetzure tint sinaasappel. Een vleugje zeste geeft het geheel een subtiele bittere twist. De combinatie van kaas en sinaasappel lijkt wat raar, maar als appetizer kan het perfect. Een smeu\u00efge harmonie van smaken die je gasten verrassen. Wedden dat ze de loftrompet afsteken nadat ze&hellip;<\/p>","protected":false},"author":2,"featured_media":0,"parent":0,"menu_order":0,"comment_status":"closed","ping_status":"closed","template":"","meta":{"_seopress_robots_primary_cat":"","_seopress_titles_title":"","_seopress_titles_desc":"","_seopress_robots_index":"","footnotes":""},"class_list":["post-276","page","type-page","status-publish","hentry"],"yoast_head":"<!-- This site is optimized with the Yoast SEO plugin v27.4 - https:\/\/yoast.com\/product\/yoast-seo-wordpress\/ -->\n<title>Romige kaas met sinaasappel - Cubesse<\/title>\n<meta name=\"robots\" content=\"index, follow, max-snippet:-1, max-image-preview:large, max-video-preview:-1\" \/>\n<link rel=\"canonical\" href=\"https:\/\/cubesse.be\/de\/romige-kaas-met-sinaasappel\/\" \/>\n<meta property=\"og:locale\" content=\"de_DE\" \/>\n<meta property=\"og:type\" content=\"article\" \/>\n<meta property=\"og:title\" content=\"Romige kaas met sinaasappel - Cubesse\" \/>\n<meta property=\"og:description\" content=\"Romige kaas met sinaasappel Een romig kaasje overdekt met een zoetzure tint sinaasappel. Een vleugje zeste geeft het geheel een subtiele bittere twist. De combinatie van kaas en sinaasappel lijkt wat raar, maar als appetizer kan het perfect. Een smeu\u00efge harmonie van smaken die je gasten verrassen. Wedden dat ze de loftrompet afsteken nadat ze&hellip;\" \/>\n<meta property=\"og:url\" content=\"https:\/\/cubesse.be\/de\/romige-kaas-met-sinaasappel\/\" \/>\n<meta property=\"og:site_name\" content=\"Cubesse\" \/>\n<meta property=\"article:modified_time\" content=\"2020-01-22T17:07:04+00:00\" \/>\n<meta name=\"twitter:card\" content=\"summary_large_image\" \/>\n<script type=\"application\/ld+json\" class=\"yoast-schema-graph\">{\"@context\":\"https:\\\/\\\/schema.org\",\"@graph\":[{\"@type\":\"WebPage\",\"@id\":\"https:\\\/\\\/cubesse.be\\\/de\\\/romige-kaas-met-sinaasappel\\\/\",\"url\":\"https:\\\/\\\/cubesse.be\\\/de\\\/romige-kaas-met-sinaasappel\\\/\",\"name\":\"Romige kaas met sinaasappel - Cubesse\",\"isPartOf\":{\"@id\":\"https:\\\/\\\/cubesse.be\\\/#website\"},\"datePublished\":\"2019-12-30T15:57:32+00:00\",\"dateModified\":\"2020-01-22T17:07:04+00:00\",\"breadcrumb\":{\"@id\":\"https:\\\/\\\/cubesse.be\\\/de\\\/romige-kaas-met-sinaasappel\\\/#breadcrumb\"},\"inLanguage\":\"de\",\"potentialAction\":[{\"@type\":\"ReadAction\",\"target\":[\"https:\\\/\\\/cubesse.be\\\/de\\\/romige-kaas-met-sinaasappel\\\/\"]}]},{\"@type\":\"BreadcrumbList\",\"@id\":\"https:\\\/\\\/cubesse.be\\\/de\\\/romige-kaas-met-sinaasappel\\\/#breadcrumb\",\"itemListElement\":[{\"@type\":\"ListItem\",\"position\":1,\"name\":\"Home\",\"item\":\"https:\\\/\\\/cubesse.be\\\/\"},{\"@type\":\"ListItem\",\"position\":2,\"name\":\"Romige kaas met sinaasappel\"}]},{\"@type\":\"WebSite\",\"@id\":\"https:\\\/\\\/cubesse.be\\\/#website\",\"url\":\"https:\\\/\\\/cubesse.be\\\/\",\"name\":\"Cubesse\",\"description\":\"Cubesse, een blokje om te delen\",\"potentialAction\":[{\"@type\":\"SearchAction\",\"target\":{\"@type\":\"EntryPoint\",\"urlTemplate\":\"https:\\\/\\\/cubesse.be\\\/?s={search_term_string}\"},\"query-input\":{\"@type\":\"PropertyValueSpecification\",\"valueRequired\":true,\"valueName\":\"search_term_string\"}}],\"inLanguage\":\"de\"}]}<\/script>\n<!-- \/ Yoast SEO plugin. -->","yoast_head_json":{"title":"Romige kaas met sinaasappel - Cubesse","robots":{"index":"index","follow":"follow","max-snippet":"max-snippet:-1","max-image-preview":"max-image-preview:large","max-video-preview":"max-video-preview:-1"},"canonical":"https:\/\/cubesse.be\/de\/romige-kaas-met-sinaasappel\/","og_locale":"de_DE","og_type":"article","og_title":"Romige kaas met sinaasappel - Cubesse","og_description":"Romige kaas met sinaasappel Een romig kaasje overdekt met een zoetzure tint sinaasappel. Een vleugje zeste geeft het geheel een subtiele bittere twist. De combinatie van kaas en sinaasappel lijkt wat raar, maar als appetizer kan het perfect. Een smeu\u00efge harmonie van smaken die je gasten verrassen. Wedden dat ze de loftrompet afsteken nadat ze&hellip;","og_url":"https:\/\/cubesse.be\/de\/romige-kaas-met-sinaasappel\/","og_site_name":"Cubesse","article_modified_time":"2020-01-22T17:07:04+00:00","twitter_card":"summary_large_image","schema":{"@context":"https:\/\/schema.org","@graph":[{"@type":"WebPage","@id":"https:\/\/cubesse.be\/de\/romige-kaas-met-sinaasappel\/","url":"https:\/\/cubesse.be\/de\/romige-kaas-met-sinaasappel\/","name":"Romige kaas met sinaasappel - Cubesse","isPartOf":{"@id":"https:\/\/cubesse.be\/#website"},"datePublished":"2019-12-30T15:57:32+00:00","dateModified":"2020-01-22T17:07:04+00:00","breadcrumb":{"@id":"https:\/\/cubesse.be\/de\/romige-kaas-met-sinaasappel\/#breadcrumb"},"inLanguage":"de","potentialAction":[{"@type":"ReadAction","target":["https:\/\/cubesse.be\/de\/romige-kaas-met-sinaasappel\/"]}]},{"@type":"BreadcrumbList","@id":"https:\/\/cubesse.be\/de\/romige-kaas-met-sinaasappel\/#breadcrumb","itemListElement":[{"@type":"ListItem","position":1,"name":"Home","item":"https:\/\/cubesse.be\/"},{"@type":"ListItem","position":2,"name":"Romige kaas met sinaasappel"}]},{"@type":"WebSite","@id":"https:\/\/cubesse.be\/#website","url":"https:\/\/cubesse.be\/","name":"Cubesse","description":"Cubesse, een blokje om te delen","potentialAction":[{"@type":"SearchAction","target":{"@type":"EntryPoint","urlTemplate":"https:\/\/cubesse.be\/?s={search_term_string}"},"query-input":{"@type":"PropertyValueSpecification","valueRequired":true,"valueName":"search_term_string"}}],"inLanguage":"de"}]}},"_links":{"self":[{"href":"https:\/\/cubesse.be\/de\/wp-json\/wp\/v2\/pages\/276","targetHints":{"allow":["GET"]}}],"collection":[{"href":"https:\/\/cubesse.be\/de\/wp-json\/wp\/v2\/pages"}],"about":[{"href":"https:\/\/cubesse.be\/de\/wp-json\/wp\/v2\/types\/page"}],"author":[{"embeddable":true,"href":"https:\/\/cubesse.be\/de\/wp-json\/wp\/v2\/users\/2"}],"replies":[{"embeddable":true,"href":"https:\/\/cubesse.be\/de\/wp-json\/wp\/v2\/comments?post=276"}],"version-history":[{"count":0,"href":"https:\/\/cubesse.be\/de\/wp-json\/wp\/v2\/pages\/276\/revisions"}],"wp:attachment":[{"href":"https:\/\/cubesse.be\/de\/wp-json\/wp\/v2\/media?parent=276"}],"curies":[{"name":"wp","href":"https:\/\/api.w.org\/{rel}","templated":true}]}}