{"id":267,"date":"2019-12-30T15:45:45","date_gmt":"2019-12-30T15:45:45","guid":{"rendered":"http:\/\/cubesse.be\/?page_id=267"},"modified":"2021-02-02T13:45:45","modified_gmt":"2021-02-02T13:45:45","slug":"romige-kaas-met-vijgen","status":"publish","type":"page","link":"https:\/\/cubesse.be\/de\/romige-kaas-met-vijgen\/","title":{"rendered":"Cremiger K\u00e4se mit Feigen"},"content":{"rendered":"<h2>\n\t\tCremiger K\u00e4se mit Feigen\n\t<\/h2>\n\t<h2>Ein bisschen s\u00fc\u00df, ein bisschen fruchtig \u2013 das ist Cubesse mit Feigen. Diese Variante passt hervorragend zu einem s\u00fc\u00dfen Getr\u00e4nk.<\/h2>\n<p>Die achtzehn mundgerechten Cubesse-K\u00e4sew\u00fcrfel mit Feigen fallen bei jedem Aperitif sofort ins Auge. Der s\u00fc\u00dfe \u00dcberzug steht im Kontrast zur kr\u00e4ftigen K\u00e4sebasis. Eine echte Traumkombination f\u00fcr jeden Feinschmecker. Au\u00dferdem zaubern Sie diese Appetith\u00e4ppchen im Nu auf den Tisch. Wenig Aufwand, aber h\u00f6chster Genuss.<\/p>","protected":false},"excerpt":{"rendered":"<p>Romige kaas met vijgen Een beetje zoet, een beetje fruitig. Dat is Cubesse met vijgen. Ideaal in combinatie met een zoet drankje. De achttien hapklare, lekkere blokjes van Cubesse met vijgen vallen op bij ieder aperitiefmoment. De zoete topping contrasteert met de stevige basis van kaas. Een droomcombo voor de fijnproevers onder ons. Bovendien tover&hellip;<\/p>","protected":false},"author":2,"featured_media":0,"parent":0,"menu_order":0,"comment_status":"closed","ping_status":"closed","template":"","meta":{"_seopress_robots_primary_cat":"","_seopress_titles_title":"","_seopress_titles_desc":"","_seopress_robots_index":"","footnotes":""},"class_list":["post-267","page","type-page","status-publish","hentry"],"yoast_head":"<!-- This site is optimized with the Yoast SEO plugin v27.4 - https:\/\/yoast.com\/product\/yoast-seo-wordpress\/ -->\n<title>Romige kaas met vijgen - Cubesse<\/title>\n<meta name=\"robots\" content=\"index, follow, max-snippet:-1, max-image-preview:large, max-video-preview:-1\" \/>\n<link rel=\"canonical\" href=\"https:\/\/cubesse.be\/de\/romige-kaas-met-vijgen\/\" \/>\n<meta property=\"og:locale\" content=\"de_DE\" \/>\n<meta property=\"og:type\" content=\"article\" \/>\n<meta property=\"og:title\" content=\"Romige kaas met vijgen - Cubesse\" \/>\n<meta property=\"og:description\" content=\"Romige kaas met vijgen Een beetje zoet, een beetje fruitig. Dat is Cubesse met vijgen. Ideaal in combinatie met een zoet drankje. De achttien hapklare, lekkere blokjes van Cubesse met vijgen vallen op bij ieder aperitiefmoment. De zoete topping contrasteert met de stevige basis van kaas. Een droomcombo voor de fijnproevers onder ons. Bovendien tover&hellip;\" \/>\n<meta property=\"og:url\" content=\"https:\/\/cubesse.be\/de\/romige-kaas-met-vijgen\/\" \/>\n<meta property=\"og:site_name\" content=\"Cubesse\" \/>\n<meta property=\"article:modified_time\" content=\"2021-02-02T13:45:45+00:00\" \/>\n<meta name=\"twitter:card\" content=\"summary_large_image\" \/>\n<script type=\"application\/ld+json\" class=\"yoast-schema-graph\">{\"@context\":\"https:\\\/\\\/schema.org\",\"@graph\":[{\"@type\":\"WebPage\",\"@id\":\"https:\\\/\\\/cubesse.be\\\/romige-kaas-met-vijgen\\\/\",\"url\":\"https:\\\/\\\/cubesse.be\\\/romige-kaas-met-vijgen\\\/\",\"name\":\"Romige kaas met vijgen - Cubesse\",\"isPartOf\":{\"@id\":\"https:\\\/\\\/cubesse.be\\\/#website\"},\"datePublished\":\"2019-12-30T15:45:45+00:00\",\"dateModified\":\"2021-02-02T13:45:45+00:00\",\"breadcrumb\":{\"@id\":\"https:\\\/\\\/cubesse.be\\\/romige-kaas-met-vijgen\\\/#breadcrumb\"},\"inLanguage\":\"de\",\"potentialAction\":[{\"@type\":\"ReadAction\",\"target\":[\"https:\\\/\\\/cubesse.be\\\/romige-kaas-met-vijgen\\\/\"]}]},{\"@type\":\"BreadcrumbList\",\"@id\":\"https:\\\/\\\/cubesse.be\\\/romige-kaas-met-vijgen\\\/#breadcrumb\",\"itemListElement\":[{\"@type\":\"ListItem\",\"position\":1,\"name\":\"Home\",\"item\":\"https:\\\/\\\/cubesse.be\\\/\"},{\"@type\":\"ListItem\",\"position\":2,\"name\":\"Romige kaas met vijgen\"}]},{\"@type\":\"WebSite\",\"@id\":\"https:\\\/\\\/cubesse.be\\\/#website\",\"url\":\"https:\\\/\\\/cubesse.be\\\/\",\"name\":\"Cubesse\",\"description\":\"Cubesse, een blokje om te delen\",\"potentialAction\":[{\"@type\":\"SearchAction\",\"target\":{\"@type\":\"EntryPoint\",\"urlTemplate\":\"https:\\\/\\\/cubesse.be\\\/?s={search_term_string}\"},\"query-input\":{\"@type\":\"PropertyValueSpecification\",\"valueRequired\":true,\"valueName\":\"search_term_string\"}}],\"inLanguage\":\"de\"}]}<\/script>\n<!-- \/ Yoast SEO plugin. -->","yoast_head_json":{"title":"Romige kaas met vijgen - Cubesse","robots":{"index":"index","follow":"follow","max-snippet":"max-snippet:-1","max-image-preview":"max-image-preview:large","max-video-preview":"max-video-preview:-1"},"canonical":"https:\/\/cubesse.be\/de\/romige-kaas-met-vijgen\/","og_locale":"de_DE","og_type":"article","og_title":"Romige kaas met vijgen - Cubesse","og_description":"Romige kaas met vijgen Een beetje zoet, een beetje fruitig. Dat is Cubesse met vijgen. Ideaal in combinatie met een zoet drankje. De achttien hapklare, lekkere blokjes van Cubesse met vijgen vallen op bij ieder aperitiefmoment. De zoete topping contrasteert met de stevige basis van kaas. Een droomcombo voor de fijnproevers onder ons. Bovendien tover&hellip;","og_url":"https:\/\/cubesse.be\/de\/romige-kaas-met-vijgen\/","og_site_name":"Cubesse","article_modified_time":"2021-02-02T13:45:45+00:00","twitter_card":"summary_large_image","schema":{"@context":"https:\/\/schema.org","@graph":[{"@type":"WebPage","@id":"https:\/\/cubesse.be\/romige-kaas-met-vijgen\/","url":"https:\/\/cubesse.be\/romige-kaas-met-vijgen\/","name":"Romige kaas met vijgen - Cubesse","isPartOf":{"@id":"https:\/\/cubesse.be\/#website"},"datePublished":"2019-12-30T15:45:45+00:00","dateModified":"2021-02-02T13:45:45+00:00","breadcrumb":{"@id":"https:\/\/cubesse.be\/romige-kaas-met-vijgen\/#breadcrumb"},"inLanguage":"de","potentialAction":[{"@type":"ReadAction","target":["https:\/\/cubesse.be\/romige-kaas-met-vijgen\/"]}]},{"@type":"BreadcrumbList","@id":"https:\/\/cubesse.be\/romige-kaas-met-vijgen\/#breadcrumb","itemListElement":[{"@type":"ListItem","position":1,"name":"Home","item":"https:\/\/cubesse.be\/"},{"@type":"ListItem","position":2,"name":"Romige kaas met vijgen"}]},{"@type":"WebSite","@id":"https:\/\/cubesse.be\/#website","url":"https:\/\/cubesse.be\/","name":"Cubesse","description":"Cubesse, een blokje om te delen","potentialAction":[{"@type":"SearchAction","target":{"@type":"EntryPoint","urlTemplate":"https:\/\/cubesse.be\/?s={search_term_string}"},"query-input":{"@type":"PropertyValueSpecification","valueRequired":true,"valueName":"search_term_string"}}],"inLanguage":"de"}]}},"_links":{"self":[{"href":"https:\/\/cubesse.be\/de\/wp-json\/wp\/v2\/pages\/267","targetHints":{"allow":["GET"]}}],"collection":[{"href":"https:\/\/cubesse.be\/de\/wp-json\/wp\/v2\/pages"}],"about":[{"href":"https:\/\/cubesse.be\/de\/wp-json\/wp\/v2\/types\/page"}],"author":[{"embeddable":true,"href":"https:\/\/cubesse.be\/de\/wp-json\/wp\/v2\/users\/2"}],"replies":[{"embeddable":true,"href":"https:\/\/cubesse.be\/de\/wp-json\/wp\/v2\/comments?post=267"}],"version-history":[{"count":0,"href":"https:\/\/cubesse.be\/de\/wp-json\/wp\/v2\/pages\/267\/revisions"}],"wp:attachment":[{"href":"https:\/\/cubesse.be\/de\/wp-json\/wp\/v2\/media?parent=267"}],"curies":[{"name":"wp","href":"https:\/\/api.w.org\/{rel}","templated":true}]}}